{"id":18572,"date":"2019-08-13T12:43:02","date_gmt":"2019-08-13T10:43:02","guid":{"rendered":"https:\/\/lapomera.com\/?page_id=18572"},"modified":"2020-01-02T13:37:41","modified_gmt":"2020-01-02T11:37:41","slug":"tarifes","status":"publish","type":"page","link":"https:\/\/lapomera.com\/fr\/tarifes\/","title":{"rendered":"Tarifs"},"content":{"rendered":"<div class=\"wpb-content-wrapper\"><p>[vc_row css_animation=\u00a0\u00bb\u00a0\u00bb row_type=\u00a0\u00bbrow\u00a0\u00bb use_row_as_full_screen_section=\u00a0\u00bbno\u00a0\u00bb type=\u00a0\u00bbgrid\u00a0\u00bb angled_section=\u00a0\u00bbno\u00a0\u00bb text_align=\u00a0\u00bbleft\u00a0\u00bb background_image_as_pattern=\u00a0\u00bbwithout_pattern\u00a0\u00bb padding_top=\u00a0\u00bb50&Prime; padding_bottom=\u00a0\u00bb50&Prime; z_index=\u00a0\u00bb\u00a0\u00bb][vc_column][vc_column_text]<\/p>\n<h2><span style=\"color: #873634;\">TARIFS<\/span><\/h2>\n<p>[\/vc_column_text][vc_separator type=\u00a0\u00bbtransparent\u00a0\u00bb up=\u00a0\u00bb10&Prime; down=\u00a0\u00bb10&Prime;][vc_column_text]<\/p>\n<table style=\"height: 525px;\" width=\"861\">\n<tbody>\n<tr>\n<td width=\"347\">\n<h2 style=\"text-align: left;\">APPARTEMENTS<\/h2>\n<\/td>\n<td width=\"113\">Basse Saison<\/p>\n<p>&nbsp;<\/td>\n<td width=\"92\">Haute Saison<\/p>\n<p>&nbsp;<\/td>\n<\/tr>\n<tr>\n<td style=\"text-align: left;\" width=\"347\">Appartement\u00a0<strong>Gala\u00a0<\/strong>4 personnes (2 chambres) \/ 6 personnes (canap\u00e9-lit)<\/td>\n<td width=\"113\">125 \u20ac<\/td>\n<td width=\"92\">150 \u20ac<\/td>\n<\/tr>\n<tr>\n<td style=\"text-align: left;\" width=\"347\">Appartement\u00a0<strong>Gaia\u00a0<\/strong>4 personnes (2 chambres) \/ 6 personnes (canap\u00e9-lit)<\/td>\n<td width=\"113\">125 \u20ac<\/td>\n<td width=\"92\">150 \u20ac<\/td>\n<\/tr>\n<tr>\n<td style=\"text-align: left;\" width=\"347\">Appartement\u00a0<strong>Gala\u00a0<\/strong>4 personnes (2 chambres)<\/td>\n<td width=\"113\">125 \u20ac<\/td>\n<td width=\"92\">150 \u20ac<\/td>\n<\/tr>\n<tr>\n<td width=\"347\">\n<h2 style=\"text-align: left;\">MAISON<\/h2>\n<\/td>\n<td width=\"113\"><\/td>\n<td width=\"92\"><\/td>\n<\/tr>\n<tr>\n<td style=\"text-align: left;\" width=\"347\">Louer toute la Maison (16 personnes)*<\/td>\n<td width=\"113\">600 \u20ac<\/td>\n<td width=\"92\">700 \u20ac<\/td>\n<\/tr>\n<tr>\n<td style=\"text-align: left;\" width=\"347\">Location minimum pour 2 nuits<\/td>\n<td width=\"113\"><\/td>\n<td width=\"92\"><\/td>\n<\/tr>\n<tr>\n<td width=\"347\">\n<p style=\"text-align: left;\">Suppl\u00e9ment par personne et par nuit en basse saison: \u00a025 \u20ac<\/p>\n<p style=\"text-align: left;\">Suppl\u00e9ment par personne et par nuit en haute saison: \u00a030 \u20ac<\/p>\n<\/td>\n<td width=\"113\"><\/td>\n<td width=\"92\"><\/td>\n<\/tr>\n<tr>\n<td style=\"text-align: left;\" width=\"347\">TVA incluse (10%)<\/td>\n<td width=\"113\"><\/td>\n<td width=\"92\"><\/td>\n<\/tr>\n<tr>\n<td style=\"text-align: left;\" width=\"347\">Taxe de s\u00e9jour non incluse (0,5 \u20ac par personne plus de 16 ans et nuit)<\/td>\n<td width=\"113\"><\/td>\n<td width=\"92\"><\/td>\n<\/tr>\n<\/tbody>\n<\/table>\n<p>[\/vc_column_text][vc_separator type=\u00a0\u00bbnormal\u00a0\u00bb][vc_column_text]<\/p>\n<h3><strong>SAISONS:<\/strong><\/h3>\n<p class=\"p1\"><strong>Haute saison<\/strong>: juillet, ao\u00fbt, Semaine Sante, tous les ponts, No\u00ebl, r\u00e9veillon et Rois.<\/p>\n<p class=\"p1\"><span class=\"s1\"><strong>Basse saison:<\/strong>\u00a0Reste de l&rsquo;ann\u00e9e<\/span><\/p>\n<p><strong><span class=\"s1\"><br \/>\nLes r\u00e9servations effectu\u00e9es sur notre site Web incluent:<\/span><\/strong><\/p>\n<ul>\n<li class=\"p2\">Acc\u00e8s au parking<\/li>\n<li class=\"p2\">Parking dans un garage ferm\u00e9 exclusivement pour les motos<\/li>\n<\/ul>\n<p class=\"p1\"><span class=\"s1\">Nous avons pr\u00e9cis\u00e9 nos conditions de contrat <a href=\"https:\/\/lapomera.com\/politica-de-reserves\/\"><span class=\"s2\">ici.<\/span><\/a><\/span><\/p>\n<p class=\"p3\"><em>(*) La r\u00e9servation de la maison enti\u00e8re, les trois appartements, comprend:<\/em><\/p>\n<ul class=\"ul1\">\n<li class=\"li1\"><em>la salle Hi Fi avec projecteur et \u00e9quipement Home Cinema Bower et Wilkins<\/em><\/li>\n<li class=\"li1\"><em>cuisine industrielle enti\u00e8rement \u00e9quip\u00e9e et salle \u00e0 manger sp\u00e9ciale pour les groupes<\/em><\/li>\n<\/ul>\n<p>[\/vc_column_text][\/vc_column][\/vc_row][vc_row css_animation=\u00a0\u00bb\u00a0\u00bb row_type=\u00a0\u00bbrow\u00a0\u00bb use_row_as_full_screen_section=\u00a0\u00bbno\u00a0\u00bb type=\u00a0\u00bbgrid\u00a0\u00bb anchor=\u00a0\u00bbportfolio\u00a0\u00bb angled_section=\u00a0\u00bbno\u00a0\u00bb text_align=\u00a0\u00bbleft\u00a0\u00bb background_image_as_pattern=\u00a0\u00bbwithout_pattern\u00a0\u00bb background_color=\u00a0\u00bb#f3f2f2&Prime; border_color=\u00a0\u00bb#efefef\u00a0\u00bb padding_top=\u00a0\u00bb84&Prime; padding_bottom=\u00a0\u00bb46&Prime; z_index=\u00a0\u00bb\u00a0\u00bb][vc_column][vc_row_inner row_type=\u00a0\u00bbrow\u00a0\u00bb type=\u00a0\u00bbfull_width\u00a0\u00bb text_align=\u00a0\u00bbleft\u00a0\u00bb css_animation=\u00a0\u00bb\u00a0\u00bb][vc_column_inner width=\u00a0\u00bb1\/3&Prime;]<div class='q_icon_with_title medium custom_icon_image '><div class=\"icon_holder q_icon_animation\" style=\" transition-delay: 100ms; -webkit-transition-delay: 100ms; -moz-transition-delay: 100ms; -o-transition-delay: 100ms;\"><img decoding=\"async\" itemprop=\"image\" style=\"\" src=\"https:\/\/lapomera.com\/wp-content\/uploads\/2018\/05\/icones-home-llar-foc.png\" alt=\"\"><\/div><div class=\"icon_text_holder\" style=\"\"><div class=\"icon_text_inner\" style=\"\"><h3 class=\"icon_title\" style=\"color: #000000;font-weight: 600;\">LLAR DE FOC<\/h3><p style=''>Cada apartament compta amb un insert de biomassa<\/p><\/div><\/div><\/div>[vc_separator type=\u00a0\u00bbtransparent\u00a0\u00bb up=\u00a0\u00bb19&Prime; down=\u00a0\u00bb24&Prime;][\/vc_column_inner][vc_column_inner width=\u00a0\u00bb1\/3&Prime;]<div class='q_icon_with_title medium custom_icon_image '><div class=\"icon_holder q_icon_animation\" style=\" transition-delay: 100ms; -webkit-transition-delay: 100ms; -moz-transition-delay: 100ms; -o-transition-delay: 100ms;\"><img decoding=\"async\" itemprop=\"image\" style=\"\" src=\"https:\/\/lapomera.com\/wp-content\/uploads\/2018\/06\/icones-home-calefaccio.png\" alt=\"\"><\/div><div class=\"icon_text_holder\" style=\"\"><div class=\"icon_text_inner\" style=\"\"><h3 class=\"icon_title\" style=\"color: #000000;font-weight: 600;\">CALEFACCI\u00d3<\/h3><p style=''>La casa compta amb una caldera de llenya que calenta els radiadors i una caldera de gasoil (la qual intentem que funcioni el m\u00ednim possible)<\/p><\/div><\/div><\/div>[vc_separator type=\u00a0\u00bbtransparent\u00a0\u00bb up=\u00a0\u00bb19&Prime; down=\u00a0\u00bb24&Prime;][\/vc_column_inner][vc_column_inner width=\u00a0\u00bb1\/3&Prime;]<div class='q_icon_with_title medium custom_icon_image '><div class=\"icon_holder q_icon_animation\" style=\" transition-delay: 100ms; -webkit-transition-delay: 100ms; -moz-transition-delay: 100ms; -o-transition-delay: 100ms;\"><img decoding=\"async\" itemprop=\"image\" style=\"\" src=\"https:\/\/lapomera.com\/wp-content\/uploads\/2018\/11\/Captura-de-pantalla-2018-11-29-a-las-19.25.08.png\" alt=\"\"><\/div><div class=\"icon_text_holder\" style=\"\"><div class=\"icon_text_inner\" style=\"\"><h3 class=\"icon_title\" style=\"color: #000000;font-weight: 600;\">HOME CINEMA<\/h3><p style=''>A la planta baixa hem muntat un sistema 5.1 amb pantalla de 120 polzades<\/p><\/div><\/div><\/div>[vc_separator type=\u00a0\u00bbtransparent\u00a0\u00bb up=\u00a0\u00bb19&Prime; down=\u00a0\u00bb26&Prime;][\/vc_column_inner][\/vc_row_inner][vc_row_inner row_type=\u00a0\u00bbrow\u00a0\u00bb type=\u00a0\u00bbfull_width\u00a0\u00bb text_align=\u00a0\u00bbleft\u00a0\u00bb css_animation=\u00a0\u00bb\u00a0\u00bb][vc_column_inner width=\u00a0\u00bb1\/3&Prime;]<div class='q_icon_with_title medium custom_icon_image '><div class=\"icon_holder q_icon_animation\" style=\" transition-delay: 100ms; -webkit-transition-delay: 100ms; -moz-transition-delay: 100ms; -o-transition-delay: 100ms;\"><img decoding=\"async\" itemprop=\"image\" style=\"\" src=\"https:\/\/lapomera.com\/wp-content\/uploads\/2018\/06\/icones-home-tv.png\" alt=\"\"><\/div><div class=\"icon_text_holder\" style=\"\"><div class=\"icon_text_inner\" style=\"\"><h3 class=\"icon_title\" style=\"color: #000000;font-weight: 600;\">TV DIGITAL<\/h3><p style=''>Cada apartament compta amb una TV de 40 polzades connectada a internet<\/p><\/div><\/div><\/div>[vc_separator type=\u00a0\u00bbtransparent\u00a0\u00bb up=\u00a0\u00bb19&Prime; down=\u00a0\u00bb24&Prime;][\/vc_column_inner][vc_column_inner width=\u00a0\u00bb1\/3&Prime;]<div class='q_icon_with_title medium custom_icon_image '><div class=\"icon_holder q_icon_animation\" style=\" transition-delay: 100ms; -webkit-transition-delay: 100ms; -moz-transition-delay: 100ms; -o-transition-delay: 100ms;\"><img decoding=\"async\" itemprop=\"image\" style=\"\" src=\"https:\/\/lapomera.com\/wp-content\/uploads\/2018\/06\/icones-home-parking.png\" alt=\"\"><\/div><div class=\"icon_text_holder\" style=\"\"><div class=\"icon_text_inner\" style=\"\"><h3 class=\"icon_title\" style=\"color: #000000;font-weight: 600;\">GARATGE<\/h3><p style=''>Aparcament exterior i garatge interior per motos<\/p><\/div><\/div><\/div>[vc_separator type=\u00a0\u00bbtransparent\u00a0\u00bb up=\u00a0\u00bb19&Prime; down=\u00a0\u00bb24&Prime;][\/vc_column_inner][vc_column_inner width=\u00a0\u00bb1\/3&Prime;]<div class='q_icon_with_title medium custom_icon_image '><div class=\"icon_holder q_icon_animation\" style=\" transition-delay: 100ms; -webkit-transition-delay: 100ms; -moz-transition-delay: 100ms; -o-transition-delay: 100ms;\"><img decoding=\"async\" itemprop=\"image\" style=\"\" src=\"https:\/\/lapomera.com\/wp-content\/uploads\/2018\/06\/icones-home-wifi.png\" alt=\"\"><\/div><div class=\"icon_text_holder\" style=\"\"><div class=\"icon_text_inner\" style=\"\"><h3 class=\"icon_title\" style=\"color: #000000;font-weight: 600;\">WIFI<\/h3><p style=''>La xarxa Wifi \u00e9s gratis i per tota la casa i part de l'exterior<\/p><\/div><\/div><\/div>[vc_separator type=\u00a0\u00bbtransparent\u00a0\u00bb up=\u00a0\u00bb19&Prime; down=\u00a0\u00bb26&Prime;][\/vc_column_inner][\/vc_row_inner][\/vc_column][\/vc_row]<\/p>\n<\/div>","protected":false},"excerpt":{"rendered":"<p>[vc_row css_animation=\u00a0\u00bb\u00a0\u00bb row_type=\u00a0\u00bbrow\u00a0\u00bb use_row_as_full_screen_section=\u00a0\u00bbno\u00a0\u00bb type=\u00a0\u00bbgrid\u00a0\u00bb angled_section=\u00a0\u00bbno\u00a0\u00bb text_align=\u00a0\u00bbleft\u00a0\u00bb background_image_as_pattern=\u00a0\u00bbwithout_pattern\u00a0\u00bb padding_top=\u00a0\u00bb50&Prime; padding_bottom=\u00a0\u00bb50&Prime; z_index=\u00a0\u00bb\u00a0\u00bb][vc_column][vc_column_text] TARIFS [\/vc_column_text][vc_separator type=\u00a0\u00bbtransparent\u00a0\u00bb up=\u00a0\u00bb10&Prime; down=\u00a0\u00bb10&Prime;][vc_column_text] APPARTEMENTS Basse Saison &nbsp; Haute Saison &nbsp; Appartement\u00a0Gala\u00a04 personnes (2 chambres) \/ 6 personnes (canap\u00e9-lit) 125 \u20ac 150 \u20ac Appartement\u00a0Gaia\u00a04 personnes (2 chambres) \/ 6 personnes (canap\u00e9-lit) 125 \u20ac&#8230;<\/p>\n","protected":false},"author":1,"featured_media":0,"parent":0,"menu_order":0,"comment_status":"open","ping_status":"open","template":"full_width.php","meta":{"footnotes":""},"class_list":["post-18572","page","type-page","status-publish","hentry"],"_links":{"self":[{"href":"https:\/\/lapomera.com\/fr\/wp-json\/wp\/v2\/pages\/18572"}],"collection":[{"href":"https:\/\/lapomera.com\/fr\/wp-json\/wp\/v2\/pages"}],"about":[{"href":"https:\/\/lapomera.com\/fr\/wp-json\/wp\/v2\/types\/page"}],"author":[{"embeddable":true,"href":"https:\/\/lapomera.com\/fr\/wp-json\/wp\/v2\/users\/1"}],"replies":[{"embeddable":true,"href":"https:\/\/lapomera.com\/fr\/wp-json\/wp\/v2\/comments?post=18572"}],"version-history":[{"count":11,"href":"https:\/\/lapomera.com\/fr\/wp-json\/wp\/v2\/pages\/18572\/revisions"}],"predecessor-version":[{"id":18710,"href":"https:\/\/lapomera.com\/fr\/wp-json\/wp\/v2\/pages\/18572\/revisions\/18710"}],"wp:attachment":[{"href":"https:\/\/lapomera.com\/fr\/wp-json\/wp\/v2\/media?parent=18572"}],"curies":[{"name":"wp","href":"https:\/\/api.w.org\/{rel}","templated":true}]}}