{"id":18448,"date":"2019-07-04T18:27:15","date_gmt":"2019-07-04T16:27:15","guid":{"rendered":"https:\/\/lapomera.com\/?page_id=18448"},"modified":"2019-07-04T18:34:17","modified_gmt":"2019-07-04T16:34:17","slug":"services","status":"publish","type":"page","link":"https:\/\/lapomera.com\/fr\/services\/","title":{"rendered":"SERVICES"},"content":{"rendered":"<div class=\"wpb-content-wrapper\"><p>[vc_row css_animation=\u00a0\u00bb\u00a0\u00bb row_type=\u00a0\u00bbrow\u00a0\u00bb use_row_as_full_screen_section=\u00a0\u00bbno\u00a0\u00bb type=\u00a0\u00bbgrid\u00a0\u00bb angled_section=\u00a0\u00bbno\u00a0\u00bb text_align=\u00a0\u00bbleft\u00a0\u00bb background_image_as_pattern=\u00a0\u00bbwithout_pattern\u00a0\u00bb padding_top=\u00a0\u00bb50&Prime; padding_bottom=\u00a0\u00bb50&Prime; z_index=\u00a0\u00bb\u00a0\u00bb][vc_column][vc_column_text]<\/p>\n<h2><span style=\"color: #873634;\">SERVICES<\/span><\/h2>\n<p>[\/vc_column_text][vc_separator type=\u00a0\u00bbtransparent\u00a0\u00bb up=\u00a0\u00bb10&Prime; down=\u00a0\u00bb10&Prime;][vc_column_text]Prestations:<\/p>\n<p>&nbsp;<\/p>\n<ul>\n<li>3 apartements de deux chambres chacun<\/li>\n<li>2 des 3 apartements compten avec un canap\u00e9-lit<\/li>\n<li>Salle de bain compl\u00e8te aux trois apartements<\/li>\n<li>Ensemble de granul\u00e9s de bois pour chaque apartement<\/li>\n<li>Mobilier de qualit\u00e9, nouveau et actuel avec cusine totalement \u00e9quip\u00e9e<\/li>\n<li>Blanchisserie:<\/li>\n<\/ul>\n<p>&nbsp;<\/p>\n<p>*Laver 8 Kg + produits de nettoyage: 12,5 \u20ac<\/p>\n<p>*Laver 17 Kg + produits de nettoyage: 22,5 \u20ac<\/p>\n<p>*S\u00e9cher 17 Kg: 10,5 \u20ac<\/p>\n<p>*Repasser 4 chemises au prix de 3: 12,5 \u20ac<\/p>\n<p>*Repasser 4 pantalons au prix de 3: 10,5 \u20ac<\/p>\n<p>&nbsp;<\/p>\n<ul>\n<li>T\u00e9l\u00e9vision 4K \u00e0 chaque chambre connect\u00e9e \u00e0 Internet<\/li>\n<li>Internet \u2013 WiFi gratuit<\/li>\n<li>Espace de loisir et relaxation au rez-de-chauss\u00e9e<\/li>\n<li>Chemin\u00e9e<\/li>\n<li>Jeux de table<\/li>\n<li>Information sur la r\u00e9gion<\/li>\n<li>Espaces int\u00e9rieurs: libres de fum\u00e9e<\/li>\n<li>Les animaux ne sont pas admis, mais \u00e0 500 m\u00e8tres nous disposons d\u2019une cr\u00e8che pour chiens: <a href=\"https:\/\/buixits-alt-pirineu.business.site\/\">https:\/\/buixits-alt-pirineu.business.site<\/a><\/li>\n<\/ul>\n<p>[\/vc_column_text][\/vc_column][\/vc_row][vc_row css_animation=\u00a0\u00bb\u00a0\u00bb row_type=\u00a0\u00bbrow\u00a0\u00bb use_row_as_full_screen_section=\u00a0\u00bbno\u00a0\u00bb type=\u00a0\u00bbgrid\u00a0\u00bb anchor=\u00a0\u00bbportfolio\u00a0\u00bb angled_section=\u00a0\u00bbno\u00a0\u00bb text_align=\u00a0\u00bbleft\u00a0\u00bb background_image_as_pattern=\u00a0\u00bbwithout_pattern\u00a0\u00bb background_color=\u00a0\u00bb#f3f2f2&Prime; border_color=\u00a0\u00bb#efefef\u00a0\u00bb padding_top=\u00a0\u00bb84&Prime; padding_bottom=\u00a0\u00bb46&Prime; z_index=\u00a0\u00bb\u00a0\u00bb][vc_column][vc_row_inner row_type=\u00a0\u00bbrow\u00a0\u00bb type=\u00a0\u00bbfull_width\u00a0\u00bb text_align=\u00a0\u00bbleft\u00a0\u00bb css_animation=\u00a0\u00bb\u00a0\u00bb][vc_column_inner width=\u00a0\u00bb1\/3&Prime;]<div class='q_icon_with_title medium custom_icon_image '><div class=\"icon_holder q_icon_animation\" style=\" transition-delay: 100ms; -webkit-transition-delay: 100ms; -moz-transition-delay: 100ms; -o-transition-delay: 100ms;\"><img decoding=\"async\" itemprop=\"image\" style=\"\" src=\"https:\/\/lapomera.com\/wp-content\/uploads\/2018\/05\/icones-home-llar-foc.png\" alt=\"\"><\/div><div class=\"icon_text_holder\" style=\"\"><div class=\"icon_text_inner\" style=\"\"><h3 class=\"icon_title\" style=\"color: #000000;font-weight: 600;\">CHEMIN\u00c9E<\/h3><p style=''>Chaque apartement compte avec un ensemble de granul\u00e9s de bois. Cel\u00e0 dit, \u00e0 la salle comune de rez-de-chauss\u00e9e il y a une chemin\u00e9e avec du bois.<\/p><\/div><\/div><\/div>[vc_separator type=\u00a0\u00bbtransparent\u00a0\u00bb up=\u00a0\u00bb19&Prime; down=\u00a0\u00bb24&Prime;][\/vc_column_inner][vc_column_inner width=\u00a0\u00bb1\/3&Prime;]<div class='q_icon_with_title medium custom_icon_image '><div class=\"icon_holder q_icon_animation\" style=\" transition-delay: 100ms; -webkit-transition-delay: 100ms; -moz-transition-delay: 100ms; -o-transition-delay: 100ms;\"><img decoding=\"async\" itemprop=\"image\" style=\"\" src=\"https:\/\/lapomera.com\/wp-content\/uploads\/2018\/06\/icones-home-calefaccio.png\" alt=\"\"><\/div><div class=\"icon_text_holder\" style=\"\"><div class=\"icon_text_inner\" style=\"\"><h3 class=\"icon_title\" style=\"color: #000000;font-weight: 600;\">CHAUFFAGE<\/h3><p style=''>Chaque apartement dispose d\u2019un syst\u00e8me de chauffage ind\u00e9pendent avec thermostat<\/p><\/div><\/div><\/div>[vc_separator type=\u00a0\u00bbtransparent\u00a0\u00bb up=\u00a0\u00bb19&Prime; down=\u00a0\u00bb24&Prime;][\/vc_column_inner][vc_column_inner width=\u00a0\u00bb1\/3&Prime;]<div class='q_icon_with_title medium custom_icon_image '><div class=\"icon_holder q_icon_animation\" style=\" transition-delay: 100ms; -webkit-transition-delay: 100ms; -moz-transition-delay: 100ms; -o-transition-delay: 100ms;\"><img decoding=\"async\" itemprop=\"image\" style=\"\" src=\"https:\/\/lapomera.com\/wp-content\/uploads\/2018\/11\/Captura-de-pantalla-2018-11-29-a-las-19.25.08.png\" alt=\"\"><\/div><div class=\"icon_text_holder\" style=\"\"><div class=\"icon_text_inner\" style=\"\"><h3 class=\"icon_title\" style=\"color: #000000;font-weight: 600;\">HOME CINEMA<\/h3><p style=''>La salle du rez-de-chauss\u00e9e a un syst\u00e8me de Home Cinema avec un \u00e9cran de 120\u2019<\/p><\/div><\/div><\/div>[vc_separator type=\u00a0\u00bbtransparent\u00a0\u00bb up=\u00a0\u00bb19&Prime; down=\u00a0\u00bb26&Prime;][\/vc_column_inner][\/vc_row_inner][vc_row_inner row_type=\u00a0\u00bbrow\u00a0\u00bb type=\u00a0\u00bbfull_width\u00a0\u00bb text_align=\u00a0\u00bbleft\u00a0\u00bb css_animation=\u00a0\u00bb\u00a0\u00bb][vc_column_inner width=\u00a0\u00bb1\/3&Prime;]<div class='q_icon_with_title medium custom_icon_image '><div class=\"icon_holder q_icon_animation\" style=\" transition-delay: 100ms; -webkit-transition-delay: 100ms; -moz-transition-delay: 100ms; -o-transition-delay: 100ms;\"><img decoding=\"async\" itemprop=\"image\" style=\"\" src=\"https:\/\/lapomera.com\/wp-content\/uploads\/2018\/06\/icones-home-tv.png\" alt=\"\"><\/div><div class=\"icon_text_holder\" style=\"\"><div class=\"icon_text_inner\" style=\"\"><h3 class=\"icon_title\" style=\"color: #000000;font-weight: 600;\">TV DIGITALE<\/h3><p style=''>Chaque apartement compte avec une TV de 40\u2019. \u00c0 la salle comune de rez-de-chauss\u00e9e on a install\u00e9 un projecteur avec un \u00e9cran de 120\u2019<\/p><\/div><\/div><\/div>[vc_separator type=\u00a0\u00bbtransparent\u00a0\u00bb up=\u00a0\u00bb19&Prime; down=\u00a0\u00bb24&Prime;][\/vc_column_inner][vc_column_inner width=\u00a0\u00bb1\/3&Prime;]<div class='q_icon_with_title medium custom_icon_image '><div class=\"icon_holder q_icon_animation\" style=\" transition-delay: 100ms; -webkit-transition-delay: 100ms; -moz-transition-delay: 100ms; -o-transition-delay: 100ms;\"><img decoding=\"async\" itemprop=\"image\" style=\"\" src=\"https:\/\/lapomera.com\/wp-content\/uploads\/2018\/06\/icones-home-parking.png\" alt=\"\"><\/div><div class=\"icon_text_holder\" style=\"\"><div class=\"icon_text_inner\" style=\"\"><h3 class=\"icon_title\" style=\"color: #000000;font-weight: 600;\">GARAGE<\/h3><p style=''>Si vous avez besoin de garder la moto \u00e0 couvert, nous disposons d\u2019un garage. Demandez-le \u00e0 la reception.<\/p><\/div><\/div><\/div>[vc_separator type=\u00a0\u00bbtransparent\u00a0\u00bb up=\u00a0\u00bb19&Prime; down=\u00a0\u00bb24&Prime;][\/vc_column_inner][vc_column_inner width=\u00a0\u00bb1\/3&Prime;]<div class='q_icon_with_title medium custom_icon_image '><div class=\"icon_holder q_icon_animation\" style=\" transition-delay: 100ms; -webkit-transition-delay: 100ms; -moz-transition-delay: 100ms; -o-transition-delay: 100ms;\"><img decoding=\"async\" itemprop=\"image\" style=\"\" src=\"https:\/\/lapomera.com\/wp-content\/uploads\/2018\/06\/icones-home-wifi.png\" alt=\"\"><\/div><div class=\"icon_text_holder\" style=\"\"><div class=\"icon_text_inner\" style=\"\"><h3 class=\"icon_title\" style=\"color: #000000;font-weight: 600;\">WIFI<\/h3><p style=''>Le WiFi gratuit est disponible dans toute la maison et certaines parties de l\u2019ext\u00e9rieur.<\/p><\/div><\/div><\/div>[vc_separator type=\u00a0\u00bbtransparent\u00a0\u00bb up=\u00a0\u00bb19&Prime; down=\u00a0\u00bb26&Prime;][\/vc_column_inner][\/vc_row_inner][\/vc_column][\/vc_row]<\/p>\n<\/div>","protected":false},"excerpt":{"rendered":"<p>[vc_row css_animation=\u00a0\u00bb\u00a0\u00bb row_type=\u00a0\u00bbrow\u00a0\u00bb use_row_as_full_screen_section=\u00a0\u00bbno\u00a0\u00bb type=\u00a0\u00bbgrid\u00a0\u00bb angled_section=\u00a0\u00bbno\u00a0\u00bb text_align=\u00a0\u00bbleft\u00a0\u00bb background_image_as_pattern=\u00a0\u00bbwithout_pattern\u00a0\u00bb padding_top=\u00a0\u00bb50&Prime; padding_bottom=\u00a0\u00bb50&Prime; z_index=\u00a0\u00bb\u00a0\u00bb][vc_column][vc_column_text] SERVICES [\/vc_column_text][vc_separator type=\u00a0\u00bbtransparent\u00a0\u00bb up=\u00a0\u00bb10&Prime; down=\u00a0\u00bb10&Prime;][vc_column_text]Prestations: &nbsp; 3 apartements de deux chambres chacun 2 des 3 apartements compten avec un canap\u00e9-lit Salle de bain compl\u00e8te aux trois apartements Ensemble de granul\u00e9s de bois pour chaque&#8230;<\/p>\n","protected":false},"author":2,"featured_media":0,"parent":0,"menu_order":0,"comment_status":"open","ping_status":"open","template":"full_width.php","meta":{"footnotes":""},"class_list":["post-18448","page","type-page","status-publish","hentry"],"_links":{"self":[{"href":"https:\/\/lapomera.com\/fr\/wp-json\/wp\/v2\/pages\/18448"}],"collection":[{"href":"https:\/\/lapomera.com\/fr\/wp-json\/wp\/v2\/pages"}],"about":[{"href":"https:\/\/lapomera.com\/fr\/wp-json\/wp\/v2\/types\/page"}],"author":[{"embeddable":true,"href":"https:\/\/lapomera.com\/fr\/wp-json\/wp\/v2\/users\/2"}],"replies":[{"embeddable":true,"href":"https:\/\/lapomera.com\/fr\/wp-json\/wp\/v2\/comments?post=18448"}],"version-history":[{"count":4,"href":"https:\/\/lapomera.com\/fr\/wp-json\/wp\/v2\/pages\/18448\/revisions"}],"predecessor-version":[{"id":18452,"href":"https:\/\/lapomera.com\/fr\/wp-json\/wp\/v2\/pages\/18448\/revisions\/18452"}],"wp:attachment":[{"href":"https:\/\/lapomera.com\/fr\/wp-json\/wp\/v2\/media?parent=18448"}],"curies":[{"name":"wp","href":"https:\/\/api.w.org\/{rel}","templated":true}]}}