{"id":18440,"date":"2019-07-04T18:17:54","date_gmt":"2019-07-04T16:17:54","guid":{"rendered":"https:\/\/lapomera.com\/?page_id=18440"},"modified":"2023-01-16T15:02:40","modified_gmt":"2023-01-16T13:02:40","slug":"politique-de-reserves","status":"publish","type":"page","link":"https:\/\/lapomera.com\/fr\/politique-de-reserves\/","title":{"rendered":"POLITIQUE DE R\u00c9SERVES"},"content":{"rendered":"<div class=\"wpb-content-wrapper\"><p>[vc_row css_animation=\u00a0\u00bb\u00a0\u00bb row_type=\u00a0\u00bbrow\u00a0\u00bb use_row_as_full_screen_section=\u00a0\u00bbno\u00a0\u00bb type=\u00a0\u00bbfull_width\u00a0\u00bb angled_section=\u00a0\u00bbno\u00a0\u00bb text_align=\u00a0\u00bbleft\u00a0\u00bb background_image_as_pattern=\u00a0\u00bbwithout_pattern\u00a0\u00bb][vc_column][vc_column_text]<strong>Politique de r\u00e9serves:<\/strong><\/p>\n<p>La Pomera s\u2019engage \u00e0 assurer la r\u00e9serve et pour offrir un service de qualit\u00e9 nous avons besoin que cette r\u00e9serve, soit par t\u00e9l\u00e9phone, par courriel \u00e9lectronique ou par notre page Web, contienne un d\u00e9p\u00f4t du <strong>25% du total<\/strong> dans les 72 h suivantes, en sp\u00e9cifiant le nom et le jour d\u2019entr\u00e9e, au n\u00famero de compte suivant:<\/p>\n<p>Le code IBAN est:\u00a0ES77 0049 2544 1120 1405 3749<\/p>\n<p>Dans notre page Web (lien web a La Pomera) vous avez aussi la possibilit\u00e9 de faire un payement du 25% de la r\u00e9serve \u00e0 travers le payement \u00e9lectronique de plusieurs mani\u00e8res.<\/p>\n<p>Une fois le d\u00e9p\u00f4t est re\u00e7u, dans le terme de 3 jours, on vous communiquera la confirmation d\u00e9finitve de la r\u00e9serve, on vous d\u00e9taillera la quantit\u00e9 \u00e9fectu\u00e9e \u00e0 compte, ainsi que le reste de donn\u00e9es de la r\u00e9serve, dates, prix, etc.<\/p>\n<p><strong>\u00a0<\/strong><\/p>\n<p><strong>Politique d\u2019annulations:<\/strong><\/p>\n<p>En cas d\u2019annulation de la r\u00e9serve, si la personne ne se pr\u00e9sente pas le jour indiqu\u00e9 ou part avant le jours pr\u00e9vu de sortie, la maison aura le droit sur le d\u00e9p\u00f4t en concepte de dommage-int\u00e9r\u00eats.<\/p>\n<p>Quand il y a une annulation de la r\u00e9serve, il y aura la d\u00e9volution du d\u00e9p\u00f4t avec les indemnisations qui r\u00e9sultent de l\u2019application des pourcentages suivants par rapport au montant du d\u00e9p\u00f4t \u00e9xig\u00e9:<\/p>\n<p>5% si l\u2019annulation est faite avec plus de 30 jours d\u2019avance<\/p>\n<p>40% si l\u2019annulation est faite avec 30 ou moins jours d\u2019avance<\/p>\n<p>60% si l\u2019annulation est faite avec 15 ou moins jours d\u2019avance<\/p>\n<p>100% si l\u2019annulation est faite avec 7 ou moins jours d\u2019avance<\/p>\n<p>&nbsp;<\/p>\n<p>La taxe touristique approuv\u00e9 par la loi 5\/2012 n\u2019est pas inclue dans les tarifs et sera ajout\u00e9e \u00e0 la facture de fa\u00e7on d\u00e9taill\u00e9e. Import: 0.50 \u20ac \/ personne \/ jour avec un maximum de 7 jours. Exceptions: 0-16 ans.<\/p>\n<p><strong>Arriv\u00e9e et d\u00e9part:<\/strong><\/p>\n<ul>\n<li class=\"policy-block__item-option\">Entr\u00e9e de 16:00 a 23:30<\/li>\n<li class=\"policy-block__item-option\">D\u00e9part de 10:00 a 11:00<\/li>\n<\/ul>\n<p>[\/vc_column_text][vc_separator type=\u00a0\u00bbtransparent\u00a0\u00bb up=\u00a0\u00bb20&Prime; down=\u00a0\u00bb20&Prime;][\/vc_column][\/vc_row]<\/p>\n<\/div>","protected":false},"excerpt":{"rendered":"<p>[vc_row css_animation=\u00a0\u00bb\u00a0\u00bb row_type=\u00a0\u00bbrow\u00a0\u00bb use_row_as_full_screen_section=\u00a0\u00bbno\u00a0\u00bb type=\u00a0\u00bbfull_width\u00a0\u00bb angled_section=\u00a0\u00bbno\u00a0\u00bb text_align=\u00a0\u00bbleft\u00a0\u00bb background_image_as_pattern=\u00a0\u00bbwithout_pattern\u00a0\u00bb][vc_column][vc_column_text]Politique de r\u00e9serves: La Pomera s\u2019engage \u00e0 assurer la r\u00e9serve et pour offrir un service de qualit\u00e9 nous avons besoin que cette r\u00e9serve, soit par t\u00e9l\u00e9phone, par courriel \u00e9lectronique ou par notre page Web, contienne un d\u00e9p\u00f4t du&#8230;<\/p>\n","protected":false},"author":2,"featured_media":0,"parent":0,"menu_order":0,"comment_status":"closed","ping_status":"open","template":"","meta":{"footnotes":""},"class_list":["post-18440","page","type-page","status-publish","hentry"],"_links":{"self":[{"href":"https:\/\/lapomera.com\/fr\/wp-json\/wp\/v2\/pages\/18440"}],"collection":[{"href":"https:\/\/lapomera.com\/fr\/wp-json\/wp\/v2\/pages"}],"about":[{"href":"https:\/\/lapomera.com\/fr\/wp-json\/wp\/v2\/types\/page"}],"author":[{"embeddable":true,"href":"https:\/\/lapomera.com\/fr\/wp-json\/wp\/v2\/users\/2"}],"replies":[{"embeddable":true,"href":"https:\/\/lapomera.com\/fr\/wp-json\/wp\/v2\/comments?post=18440"}],"version-history":[{"count":5,"href":"https:\/\/lapomera.com\/fr\/wp-json\/wp\/v2\/pages\/18440\/revisions"}],"predecessor-version":[{"id":19093,"href":"https:\/\/lapomera.com\/fr\/wp-json\/wp\/v2\/pages\/18440\/revisions\/19093"}],"wp:attachment":[{"href":"https:\/\/lapomera.com\/fr\/wp-json\/wp\/v2\/media?parent=18440"}],"curies":[{"name":"wp","href":"https:\/\/api.w.org\/{rel}","templated":true}]}}