{"id":18438,"date":"2019-07-04T18:14:20","date_gmt":"2019-07-04T16:14:20","guid":{"rendered":"https:\/\/lapomera.com\/?page_id=18438"},"modified":"2019-07-04T18:15:16","modified_gmt":"2019-07-04T16:15:16","slug":"politique-de-confidencialite","status":"publish","type":"page","link":"https:\/\/lapomera.com\/fr\/politique-de-confidencialite\/","title":{"rendered":"POLITIQUE DE CONFIDENCIALIT\u00c9"},"content":{"rendered":"<div class=\"wpb-content-wrapper\"><p>[vc_row css_animation=\u00a0\u00bb\u00a0\u00bb row_type=\u00a0\u00bbrow\u00a0\u00bb use_row_as_full_screen_section=\u00a0\u00bbno\u00a0\u00bb type=\u00a0\u00bbfull_width\u00a0\u00bb angled_section=\u00a0\u00bbno\u00a0\u00bb text_align=\u00a0\u00bbleft\u00a0\u00bb background_image_as_pattern=\u00a0\u00bbwithout_pattern\u00a0\u00bb][vc_column][vc_column_text]<strong>QUI SOMMES-NOUS<\/strong><\/p>\n<p>Notre addresse Web est: <a href=\"https:\/\/lapomera.com\/\">https:\/\/lapomera.com<\/a><\/p>\n<p><strong>QUELLES DONN\u00c9ES PERSONNELLES NOUS RECUEILLONS ET POURQUOI<\/strong><\/p>\n<p><strong>Commentaires<\/strong><\/p>\n<p>Quand les visitants laissent leurs commentaires dans notre web, nous recueillons les donn\u00e9es que se montrent au formulaire de contact, ainsi que l\u2019addresse IP du visiteur et la cha\u00eene de l\u2019agent de l\u2019utilisateur du navigateur web pour aider \u00e0 la d\u00e9tection de messages ind\u00e9sirables ou spam.<\/p>\n<p>Une cha\u00eene anonyme et cr\u00e9\u00e9 \u00e0 partir du courriel \u00e9lectronique (nom\u00e9e aussi \u2018hash\u2019) peut \u00eatre fournie au service Gravatar pour voir si vous l\u2019usez. La politique de confidencialit\u00e9 du service Gravatar est disponible ci-dessous: <a href=\"https:\/\/automattic.com\/privacy\/\">https:\/\/automattic.com\/privacy\/<\/a>. Une fois approuv\u00e9 le commentaire, l\u2019image de votre profil est visible au public au contexte du commentaire.<\/p>\n<p>&nbsp;<\/p>\n<p><strong>M\u00e9dia<\/strong><\/p>\n<p>Si vous t\u00e9l\u00e9charger des images \u00e0 la page web, vous devez \u00e9viter le faire avec celles qui contiennent des donn\u00e9es de g\u00e9olocalisation (EXIF GPS) incrust\u00e9es. Les visiteurs de la page web peuvent t\u00e9l\u00e9chargez et extraire n\u2019importe quelle information des images de la Web.<\/p>\n<p>&nbsp;<\/p>\n<p><strong>Formulaires de contact<\/strong><\/p>\n<p><strong>Biscuits<\/strong><\/p>\n<p>Si vous laisser un commentaire \u00e0 la page Web, vous pouvez choisir laisser votre nom, l\u2019addresse \u00e9lectronique et la page Web dans les biscuits. C\u2019est une option pour votre commodit\u00e9, de fa\u00e7on que vous n\u2019ayez pas \u00e0 completer \u00e0 nouveau vos donn\u00e9es quand vous faites un autre commentaire. Ces biscuits ont une dur\u00e9e d\u2019un an.<\/p>\n<p>Si vous avez une addresse mail et vous vous connectez \u00e0 cette page Web, un biscuit temporel sera d\u00e9fini pour d\u00e9terminer si le navigateur web accepte des biscuits. Ce biscuit no contient pas des donn\u00e9s personnelles et il sera exclus quand vous fermerez le navigateur.<\/p>\n<p>Quand vous vous connectez, plusieurs biscuits seront configur\u00e9s pour garder l\u2019information de connexion et les options de visualisation de l\u2019\u00e9cran.<\/p>\n<p>Les biscuits de d\u00e9marrage durent deux jours, et les biscuits des options de l\u2019\u00e9cran durent un an. Si vous selectionnez \u201cMe rappeler\u201d, le d\u00e9marrage persistira pendant deux semaines. Si vous finissez la connexion, les biscuits de d\u00e9marrage seront suprim\u00e9s.<\/p>\n<p>Si vous \u00e9ditez ou publiez un article, un biscuit suppl\u00e9mentaire sera gard\u00e9 au navigateur. Ce biscuit exclut les donn\u00e9s personnelles et indique tout simplement l\u2019identificateur d\u2019entr\u00e9e que vous venez d\u2019\u00e9diter. Il expira apr\u00e8s un jour.<\/p>\n<p><strong>Contenu incrust\u00e9 d\u2019autres pages Web<\/strong><\/p>\n<p>Les articles de cette page Web incluent du contenu incrust\u00e9 (par exemple, des vid\u00e9os, des images, des article, etc). Le contenu incrust\u00e9 des autres pages web se comporte exactement de la m\u00eame fa\u00e7on qu\u2019une visite \u00e0 une autre page web.<\/p>\n<p>Ces pages Web peuvent recueillir des donn\u00e9es personnelles, utiliser des biscuits, incruster le monitorage suppl\u00e9mentaire de tierces parties, et monitoriser l\u2019interaction avec le contenu incrust\u00e9, y comprise la trace de l\u2019interaction avec le contenu incrust\u00e9 si vous avez une addresse mail et vous vous \u00eates connectez \u00e0 partir de cette page Web.<\/p>\n<p><strong>\u00a0<\/strong><\/p>\n<p><strong>ANALITIQUES<\/strong><\/p>\n<p><strong>AVEC QUI NOUS PARTAGEONS VOTRES DONN\u00c9S<\/strong><\/p>\n<p><strong>COMBIEN DE TEMPS NOUS RETENONS LES DONN\u00c9ES<\/strong><\/p>\n<p>Si vous laissez un commentaire, celui-ci et les m\u00e9tadonn\u00e9es sont retenus ind\u00e9finiment. Cela est fait pour pouvoir reconna\u00eetre et approuver automatiquement n\u2019importe quel commentaire au lieu de les maintenir en queue de mod\u00e9ration.<\/p>\n<p>Pour les internautes qui se r\u00e9gistrent \u00e0 la page Web (s\u2019il y en a), nous gardons aussi l\u2019information personnelle fournie dans le profil d\u2019utilisateur. Tous les internautes peuvent voir, \u00e9diter ou suprimer son information personnelle en tout moment (\u00e0 l\u2019exception de nom de l\u2019utilisateur). Les administrateurs de la page Web peuvent \u00e9diter aussi cette information.<\/p>\n<p>QUELS DROITS AVEZ-VOUS SUR VOTRES DONN\u00c9ES<\/p>\n<p>Si vous avez un compte internet dans catte page Web ou vous avez laisser des commentaires, vous pouvez demander qu\u2019on vous envoie un d\u2019exportation de votres donn\u00e9es personnelles, avec toutes les donn\u00e9es que vous nous avez fournies. Aussitant vous pouvez demander qu\u2019on efface n\u2019importe quelle donn\u00e9e personnelle que nous ayons. Cela n\u2019inclut pas les donn\u00e9es que nous sommes oblig\u00e9s de conserver \u00e0 l\u2019issue de propos administratifs, legaux ou de s\u00e9curit\u00e9.<\/p>\n<p>&nbsp;<\/p>\n<p>O\u00d9 ENVOYONS-NOUS VOS DONN\u00c9S<\/p>\n<p>Les commentaires des visiteurs doivent \u00eatre valid\u00e9s \u00e0 travers d\u2019un service de d\u00e9tection de courriel ind\u00e9sirable automatis\u00e9.<\/p>\n<p>&nbsp;<\/p>\n<p>INFORMATION DE CONTACT<\/p>\n<p>INFORMATION SUPPL\u00c9MENTAIRE<\/p>\n<p>Comment on prot\u00e8ge vos donn\u00e9es<\/p>\n<p>Quelles proc\u00e9dure\u00a0\u00a0 de non-respect\u00a0des donn\u00e9es avons-nous dans la page Web<\/p>\n<p>De quels tercies recevons-nous des donn\u00e9es<\/p>\n<p>Quelle d\u00e9cision automatis\u00e9e et\/ou profil nous faisons avec les donn\u00e9es de l\u2019utilisateur<\/p>\n<p>Conditions de divulgation r\u00e9glementaire de l\u2019industrie<\/p>\n<p>[\/vc_column_text][vc_separator type=\u00a0\u00bbtransparent\u00a0\u00bb up=\u00a0\u00bb20&Prime; down=\u00a0\u00bb20&Prime;][\/vc_column][\/vc_row]<\/p>\n<\/div>","protected":false},"excerpt":{"rendered":"<p>[vc_row css_animation=\u00a0\u00bb\u00a0\u00bb row_type=\u00a0\u00bbrow\u00a0\u00bb use_row_as_full_screen_section=\u00a0\u00bbno\u00a0\u00bb type=\u00a0\u00bbfull_width\u00a0\u00bb angled_section=\u00a0\u00bbno\u00a0\u00bb text_align=\u00a0\u00bbleft\u00a0\u00bb background_image_as_pattern=\u00a0\u00bbwithout_pattern\u00a0\u00bb][vc_column][vc_column_text]QUI SOMMES-NOUS Notre addresse Web est: https:\/\/lapomera.com QUELLES DONN\u00c9ES PERSONNELLES NOUS RECUEILLONS ET POURQUOI Commentaires Quand les visitants laissent leurs commentaires dans notre web, nous recueillons les donn\u00e9es que se montrent au formulaire de contact, ainsi que l\u2019addresse&#8230;<\/p>\n","protected":false},"author":2,"featured_media":0,"parent":0,"menu_order":0,"comment_status":"closed","ping_status":"open","template":"","meta":{"footnotes":""},"class_list":["post-18438","page","type-page","status-publish","hentry"],"_links":{"self":[{"href":"https:\/\/lapomera.com\/fr\/wp-json\/wp\/v2\/pages\/18438"}],"collection":[{"href":"https:\/\/lapomera.com\/fr\/wp-json\/wp\/v2\/pages"}],"about":[{"href":"https:\/\/lapomera.com\/fr\/wp-json\/wp\/v2\/types\/page"}],"author":[{"embeddable":true,"href":"https:\/\/lapomera.com\/fr\/wp-json\/wp\/v2\/users\/2"}],"replies":[{"embeddable":true,"href":"https:\/\/lapomera.com\/fr\/wp-json\/wp\/v2\/comments?post=18438"}],"version-history":[{"count":1,"href":"https:\/\/lapomera.com\/fr\/wp-json\/wp\/v2\/pages\/18438\/revisions"}],"predecessor-version":[{"id":18439,"href":"https:\/\/lapomera.com\/fr\/wp-json\/wp\/v2\/pages\/18438\/revisions\/18439"}],"wp:attachment":[{"href":"https:\/\/lapomera.com\/fr\/wp-json\/wp\/v2\/media?parent=18438"}],"curies":[{"name":"wp","href":"https:\/\/api.w.org\/{rel}","templated":true}]}}