{"id":18409,"date":"2019-07-03T16:37:03","date_gmt":"2019-07-03T14:37:03","guid":{"rendered":"https:\/\/lapomera.com\/?page_id=18409"},"modified":"2019-07-03T16:43:07","modified_gmt":"2019-07-03T14:43:07","slug":"la-maison","status":"publish","type":"page","link":"https:\/\/lapomera.com\/fr\/la-maison\/","title":{"rendered":"La maison"},"content":{"rendered":"<div class=\"wpb-content-wrapper\"><p>[vc_row css_animation=\u00a0\u00bb\u00a0\u00bb row_type=\u00a0\u00bbrow\u00a0\u00bb use_row_as_full_screen_section=\u00a0\u00bbno\u00a0\u00bb type=\u00a0\u00bbgrid\u00a0\u00bb angled_section=\u00a0\u00bbno\u00a0\u00bb text_align=\u00a0\u00bbleft\u00a0\u00bb background_image_as_pattern=\u00a0\u00bbwithout_pattern\u00a0\u00bb padding_top=\u00a0\u00bb50&Prime; padding_bottom=\u00a0\u00bb50&Prime; z_index=\u00a0\u00bb\u00a0\u00bb][vc_column width=\u00a0\u00bb2\/3&Prime;][vc_column_text]<\/p>\n<h2>LA MAISON<\/h2>\n<p>[\/vc_column_text][vc_separator type=\u00a0\u00bbtransparent\u00a0\u00bb up=\u00a0\u00bb10&Prime; down=\u00a0\u00bb10&Prime;][vc_column_text]<\/p>\n<h4><span style=\"color: #873634;\">Parfaitement \u00e9quip\u00e9e pour son confort<\/span><\/h4>\n<p>[\/vc_column_text][vc_separator type=\u00a0\u00bbtransparent\u00a0\u00bb up=\u00a0\u00bb10&Prime; down=\u00a0\u00bb10&Prime;][vc_column_text]La Pomera, un endroit tranquille au milieu de la nature pour passer quelques jours et r\u00e9cup\u00e9rer le temps que la montre nous prend dans notre quotidien. La Pomera est un lieu calme ou vous pourrez avoir un entretien en vous promenant autour de la maison. Bienvenus chez nous!<\/p>\n<p>&nbsp;<\/p>\n<p>La famille. Nous sommes Gemma et Josep. Nous nous sommes mari\u00e9s \u00e0 La Pomera, un arbre qui est n\u00e9 tordu. Avant, si ces arbres avaient une branche tordue, on les coupait. Ils ne servaint pas pour donner des pommes. Le p\u00e8re de Gema d\u00e9cida de le laisser vivre et il est devenu un lieu de retrouvement, un lieu de complicit\u00e9s, de conversations&#8230; Nous avons voulu maintenir cet esprit que l\u2019arbre a transmit \u00e0 la famille, ces valeurs et nous avons vers\u00e9 notre coeur dans cette maison avec le d\u00e9sir de la transformer en notre petit paradis, un espace o\u00f9 on peut laisser cro\u00eetre notre cr\u00e9ativit\u00e9 et vivre d\u2019una mani\u00e8re tranquille et respecteuse avec les personnes et l\u2019entourage.[\/vc_column_text][vc_column_text]<\/p>\n<div class=\"col-sm-8 thim-single-room-content\">\n<p>Situ\u00e9e strat\u00e9giquement, La Pomera se trouve \u00e0 15 minutes de la Vall de Bo\u00ed amb l\u2019ensemble du roman d\u00e9clar\u00e9 patrimoine immat\u00e9riel de l\u2019humanit\u00e9 par la UNESCO, \u00e0 20 minutes de Parc Nacional d\u2019Aig\u00fcestortes i Estany de Sant Maurici, ou \u00e0 25 minutes de la Val d\u2019Aran, entre autres attractions touristiques de la r\u00e9gion.<\/p>\n<p>Nous sommes tr\u00e8s pr\u00e8s du Balneari de Caldes, un endroit de d\u00e9tente ou vous pourrez jouir de ses fonts min\u00e9rom\u00e9dicinales d\u2019eaux froides et chaudes.<\/p>\n<p>Des entreprises externes offrent un \u00e9ventail d\u2019activit\u00e9s a\u00e9riennes, comme le parapente, aquatiques, comme le canyonisme ou le rafting ainsi que la p\u00eache, le kayak ou des routes \u00e0 bateau, et des routes terrestres comme la randonn\u00e9e\/trekking, running, trail, guides du parc, voies f\u00e9rr\u00e9es, btt, rally\/enduro, quad, multi aventure, excursions \u00e0 cheval, golf, alpinisme ou escalade.<\/p>\n<p>Et pour skier, nous avons les stations de ski de Bo\u00ed-Ta\u00fcll, \u00e0 30 minutes, et de Baqueira-Beret, \u00e0 40 minutes.<\/p>\n<\/div>\n<p>[\/vc_column_text][\/vc_column][vc_column width=\u00a0\u00bb1\/3&Prime;][vc_gallery interval=\u00a0\u00bb3&Prime; images=\u00a0\u00bb16570,17796,17804,17808,18289,18318,18322&Prime;][vc_column_text]<strong>Appartements : trois capacit\u00e9s diff\u00e9rentes<\/strong><\/p>\n<p><strong>Jardin : Grand jardin entourant la maison<\/strong><\/p>\n<p><strong><span class=\"spellver\" title=\"Le, \u00c9lu, Bel, Gel, Sel, Tel, T\u00e9l, Eh, Es, Eu, Hl, \u00c8s, Al, Cl, Dl, Et, Ex, Il, Ml, En\">El<\/span> <span class=\"spellver\" title=\"\">Cobert:<\/span> Espace relax avec musique (<span class=\"spellver\" title=\"Bosse, Boss\u00e9, Boise, Bois\u00e9, Bise, Bis\u00e9, Bouse, Ose, Os\u00e9, Pose, Pos\u00e9, Boss, Base, Bas\u00e9, Bore, Bote, Boxe, Box\u00e9, Buse, B\u00f4me, Dose, Dos\u00e9, Rose, Ros\u00e9, Boue, N'ose, J'ose, L'ose\">Bose)<\/span><\/strong><\/p>\n<p><strong>Lieu : Dans un quartier calme \u00e0 deux minutes du centre<\/strong>[\/vc_column_text][\/vc_column][\/vc_row]<\/p>\n<\/div>","protected":false},"excerpt":{"rendered":"<p>[vc_row css_animation=\u00a0\u00bb\u00a0\u00bb row_type=\u00a0\u00bbrow\u00a0\u00bb use_row_as_full_screen_section=\u00a0\u00bbno\u00a0\u00bb type=\u00a0\u00bbgrid\u00a0\u00bb angled_section=\u00a0\u00bbno\u00a0\u00bb text_align=\u00a0\u00bbleft\u00a0\u00bb background_image_as_pattern=\u00a0\u00bbwithout_pattern\u00a0\u00bb padding_top=\u00a0\u00bb50&Prime; padding_bottom=\u00a0\u00bb50&Prime; z_index=\u00a0\u00bb\u00a0\u00bb][vc_column width=\u00a0\u00bb2\/3&Prime;][vc_column_text] LA MAISON [\/vc_column_text][vc_separator type=\u00a0\u00bbtransparent\u00a0\u00bb up=\u00a0\u00bb10&Prime; down=\u00a0\u00bb10&Prime;][vc_column_text] Parfaitement \u00e9quip\u00e9e pour son confort [\/vc_column_text][vc_separator type=\u00a0\u00bbtransparent\u00a0\u00bb up=\u00a0\u00bb10&Prime; down=\u00a0\u00bb10&Prime;][vc_column_text]La Pomera, un endroit tranquille au milieu de la nature pour passer quelques jours et r\u00e9cup\u00e9rer le temps que&#8230;<\/p>\n","protected":false},"author":1,"featured_media":0,"parent":0,"menu_order":0,"comment_status":"open","ping_status":"open","template":"full_width.php","meta":{"footnotes":""},"class_list":["post-18409","page","type-page","status-publish","hentry"],"_links":{"self":[{"href":"https:\/\/lapomera.com\/fr\/wp-json\/wp\/v2\/pages\/18409"}],"collection":[{"href":"https:\/\/lapomera.com\/fr\/wp-json\/wp\/v2\/pages"}],"about":[{"href":"https:\/\/lapomera.com\/fr\/wp-json\/wp\/v2\/types\/page"}],"author":[{"embeddable":true,"href":"https:\/\/lapomera.com\/fr\/wp-json\/wp\/v2\/users\/1"}],"replies":[{"embeddable":true,"href":"https:\/\/lapomera.com\/fr\/wp-json\/wp\/v2\/comments?post=18409"}],"version-history":[{"count":3,"href":"https:\/\/lapomera.com\/fr\/wp-json\/wp\/v2\/pages\/18409\/revisions"}],"predecessor-version":[{"id":18416,"href":"https:\/\/lapomera.com\/fr\/wp-json\/wp\/v2\/pages\/18409\/revisions\/18416"}],"wp:attachment":[{"href":"https:\/\/lapomera.com\/fr\/wp-json\/wp\/v2\/media?parent=18409"}],"curies":[{"name":"wp","href":"https:\/\/api.w.org\/{rel}","templated":true}]}}