{"id":18351,"date":"2019-06-28T13:22:05","date_gmt":"2019-06-28T11:22:05","guid":{"rendered":"https:\/\/lapomera.com\/?page_id=18351"},"modified":"2020-01-02T12:58:30","modified_gmt":"2020-01-02T10:58:30","slug":"tarifas","status":"publish","type":"page","link":"https:\/\/lapomera.com\/es\/tarifas\/","title":{"rendered":"Tarifas"},"content":{"rendered":"<div class=\"wpb-content-wrapper\"><p>[vc_row css_animation=\u00bb\u00bb row_type=\u00bbrow\u00bb use_row_as_full_screen_section=\u00bbno\u00bb type=\u00bbgrid\u00bb angled_section=\u00bbno\u00bb text_align=\u00bbleft\u00bb background_image_as_pattern=\u00bbwithout_pattern\u00bb padding_top=\u00bb50&#8243; padding_bottom=\u00bb50&#8243; z_index=\u00bb\u00bb][vc_column][vc_column_text]<\/p>\n<h2><span style=\"color: #873634;\">TARIFAS<\/span><\/h2>\n<p>[\/vc_column_text][vc_separator type=\u00bbtransparent\u00bb up=\u00bb10&#8243; down=\u00bb10&#8243;][vc_column_text]<\/p>\n<table style=\"height: 528px;\" width=\"861\">\n<tbody>\n<tr>\n<td width=\"347\">\n<h2 style=\"text-align: left;\">APARTAMENTOS<\/h2>\n<\/td>\n<td width=\"113\">Temporada Baja<\/p>\n<p>&nbsp;<\/td>\n<td width=\"92\">Temporada Alta<\/p>\n<p>&nbsp;<\/td>\n<\/tr>\n<tr>\n<td style=\"text-align: left;\" width=\"347\">Apartamento\u00a0<strong>Gala\u00a0<\/strong>4 personas (2 habitaciones) \/ 6 personas (sof\u00e1-cama)<\/td>\n<td width=\"113\">125 \u20ac<\/td>\n<td width=\"92\">150 \u20ac<\/td>\n<\/tr>\n<tr>\n<td style=\"text-align: left;\" width=\"347\">Apartamento\u00a0<strong>Gaia\u00a0<\/strong>4 personas (2 habitaciones) \/ 6 personas (sof\u00e1-cama)<\/td>\n<td width=\"113\">125 \u20ac<\/td>\n<td width=\"92\">150 \u20ac<\/td>\n<\/tr>\n<tr>\n<td style=\"text-align: left;\" width=\"347\">Apartamento\u00a0<strong>Roieta\u00a0<\/strong>4 personas (2 habitaciones)<\/td>\n<td width=\"113\">125 \u20ac<\/td>\n<td width=\"92\">150 \u20ac<\/td>\n<\/tr>\n<tr>\n<td width=\"347\">\n<h2 style=\"text-align: left;\">CASA<\/h2>\n<\/td>\n<td width=\"113\"><\/td>\n<td width=\"92\"><\/td>\n<\/tr>\n<tr>\n<td style=\"text-align: left;\" width=\"347\">Alquiler Casa Completa (16 personas)*<\/td>\n<td width=\"113\">600 \u20ac<\/td>\n<td width=\"92\">700 \u20ac<\/td>\n<\/tr>\n<tr>\n<td style=\"text-align: left;\" width=\"347\">Alquiler m\u00ednimo para 2 noches<\/td>\n<td width=\"113\"><\/td>\n<td width=\"92\"><\/td>\n<\/tr>\n<tr>\n<td width=\"347\">\n<p style=\"text-align: left;\">Suplemento por persona y noche en temporada Baja: 25 \u20ac<\/p>\n<p style=\"text-align: left;\">Suplemento por persona y noche en temporada Alta: 30 \u20ac<\/p>\n<\/td>\n<td width=\"113\"><\/td>\n<td width=\"92\"><\/td>\n<\/tr>\n<tr>\n<td style=\"text-align: left;\" width=\"347\">IVA incluido (10%)<\/td>\n<td width=\"113\"><\/td>\n<td width=\"92\"><\/td>\n<\/tr>\n<tr>\n<td style=\"text-align: left;\" width=\"347\">Tasa tur\u00edstica no incluida (0,5 \u20ac por persona mayor de 16 a\u00f1os y noche)<\/td>\n<td width=\"113\"><\/td>\n<td width=\"92\"><\/td>\n<\/tr>\n<\/tbody>\n<\/table>\n<p>[\/vc_column_text][vc_separator type=\u00bbnormal\u00bb][vc_column_text]<\/p>\n<h3><strong>TEMPORADAS:<\/strong><\/h3>\n<p class=\"p1\"><span class=\"s1\"><strong>Temporada Alta:<\/strong> Julio,<span class=\"Apple-converted-space\">\u00a0 <\/span>Agosto, Semana Santa, todos los puentes, Navidad, Fin de A\u00f1o y Reyes<\/span><\/p>\n<p class=\"p1\"><span class=\"s1\"><strong>Temporada Baja:<\/strong> Resto del a\u00f1o<\/span><\/p>\n<p><strong><span class=\"s1\"><br \/>\nLas reservas efectuadas en nuestro sitio web incluyen:<\/span><\/strong><\/p>\n<ul>\n<li class=\"p2\"><span class=\"s1\">Acceso a la zona de parking<\/span><\/li>\n<li class=\"p2\"><span class=\"s1\">Parking en garaje cerrado exclusivo para motos<\/span><\/li>\n<\/ul>\n<p class=\"p1\"><span class=\"s1\">Tenemos nuestras \u00a0condiciones de contractaci\u00f3n\u00a0<a href=\"https:\/\/lapomera.com\/politica-de-reserves\/\"><span class=\"s2\">aqu\u00ed.<\/span><\/a><\/span><\/p>\n<p>&nbsp;<\/p>\n<p class=\"p3\"><span class=\"s1\">(*) <em>La reserva de la casa completa, los tres apartamentos, incluye:<\/em><\/span><\/p>\n<ul class=\"ul1\">\n<li class=\"li1\"><em><span class=\"s1\">la sala Hi Fi con proyector y equipo Home Cinema Bower and Wilkins<\/span><\/em><\/li>\n<li class=\"li1\"><em><span class=\"s1\">cocina industrial totalmente equipada y sala comedor especial para grupos<\/span><\/em><\/li>\n<\/ul>\n<p>[\/vc_column_text][\/vc_column][\/vc_row][vc_row css_animation=\u00bb\u00bb row_type=\u00bbrow\u00bb use_row_as_full_screen_section=\u00bbno\u00bb type=\u00bbgrid\u00bb anchor=\u00bbportfolio\u00bb angled_section=\u00bbno\u00bb text_align=\u00bbleft\u00bb background_image_as_pattern=\u00bbwithout_pattern\u00bb background_color=\u00bb#f3f2f2&#8243; border_color=\u00bb#efefef\u00bb padding_top=\u00bb84&#8243; padding_bottom=\u00bb46&#8243; z_index=\u00bb\u00bb][vc_column][vc_row_inner row_type=\u00bbrow\u00bb type=\u00bbfull_width\u00bb text_align=\u00bbleft\u00bb css_animation=\u00bb\u00bb][vc_column_inner width=\u00bb1\/3&#8243;]<div class='q_icon_with_title medium custom_icon_image '><div class=\"icon_holder q_icon_animation\" style=\" transition-delay: 100ms; -webkit-transition-delay: 100ms; -moz-transition-delay: 100ms; -o-transition-delay: 100ms;\"><img decoding=\"async\" itemprop=\"image\" style=\"\" src=\"https:\/\/lapomera.com\/wp-content\/uploads\/2018\/05\/icones-home-llar-foc.png\" alt=\"\"><\/div><div class=\"icon_text_holder\" style=\"\"><div class=\"icon_text_inner\" style=\"\"><h3 class=\"icon_title\" style=\"color: #000000;font-weight: 600;\">HOGAR DE PELLETS<\/h3><p style=''>Cada apartamento cuenta con un hogar de biomasa<\/p><\/div><\/div><\/div>[vc_separator type=\u00bbtransparent\u00bb up=\u00bb19&#8243; down=\u00bb24&#8243;][\/vc_column_inner][vc_column_inner width=\u00bb1\/3&#8243;]<div class='q_icon_with_title medium custom_icon_image '><div class=\"icon_holder q_icon_animation\" style=\" transition-delay: 100ms; -webkit-transition-delay: 100ms; -moz-transition-delay: 100ms; -o-transition-delay: 100ms;\"><img decoding=\"async\" itemprop=\"image\" style=\"\" src=\"https:\/\/lapomera.com\/wp-content\/uploads\/2018\/06\/icones-home-calefaccio.png\" alt=\"\"><\/div><div class=\"icon_text_holder\" style=\"\"><div class=\"icon_text_inner\" style=\"\"><h3 class=\"icon_title\" style=\"color: #000000;font-weight: 600;\">CALEFACCI\u00d3N<\/h3><p style=''>La casa cuenta tambi\u00e9n con una caldera de le\u00f1a y otra de gasoil como calfacci\u00f3n centralizada. Control por termostato<\/p><\/div><\/div><\/div>[vc_separator type=\u00bbtransparent\u00bb up=\u00bb19&#8243; down=\u00bb24&#8243;][\/vc_column_inner][vc_column_inner width=\u00bb1\/3&#8243;]<div class='q_icon_with_title medium custom_icon_image '><div class=\"icon_holder q_icon_animation\" style=\" transition-delay: 100ms; -webkit-transition-delay: 100ms; -moz-transition-delay: 100ms; -o-transition-delay: 100ms;\"><img decoding=\"async\" itemprop=\"image\" style=\"\" src=\"https:\/\/lapomera.com\/wp-content\/uploads\/2018\/11\/Captura-de-pantalla-2018-11-29-a-las-19.25.08.png\" alt=\"\"><\/div><div class=\"icon_text_holder\" style=\"\"><div class=\"icon_text_inner\" style=\"\"><h3 class=\"icon_title\" style=\"color: #000000;font-weight: 600;\">HOME CINEMA<\/h3><p style=''>En planta baja hemos muntado un sistema 5.1 con pantalla de 120 pulgadas y sistema de audio Bower and Wilkins<\/p><\/div><\/div><\/div>[vc_separator type=\u00bbtransparent\u00bb up=\u00bb19&#8243; down=\u00bb26&#8243;][\/vc_column_inner][\/vc_row_inner][vc_row_inner row_type=\u00bbrow\u00bb type=\u00bbfull_width\u00bb text_align=\u00bbleft\u00bb css_animation=\u00bb\u00bb][vc_column_inner width=\u00bb1\/3&#8243;]<div class='q_icon_with_title medium custom_icon_image '><div class=\"icon_holder q_icon_animation\" style=\" transition-delay: 100ms; -webkit-transition-delay: 100ms; -moz-transition-delay: 100ms; -o-transition-delay: 100ms;\"><img decoding=\"async\" itemprop=\"image\" style=\"\" src=\"https:\/\/lapomera.com\/wp-content\/uploads\/2018\/06\/icones-home-tv.png\" alt=\"\"><\/div><div class=\"icon_text_holder\" style=\"\"><div class=\"icon_text_inner\" style=\"\"><h3 class=\"icon_title\" style=\"color: #000000;font-weight: 600;\">TV DIGITAL<\/h3><p style=''>Cada apartamento cuenta con una TV de 40 pulgadas conectada a internet<\/p><\/div><\/div><\/div>[vc_separator type=\u00bbtransparent\u00bb up=\u00bb19&#8243; down=\u00bb24&#8243;][\/vc_column_inner][vc_column_inner width=\u00bb1\/3&#8243;]<div class='q_icon_with_title medium custom_icon_image '><div class=\"icon_holder q_icon_animation\" style=\" transition-delay: 100ms; -webkit-transition-delay: 100ms; -moz-transition-delay: 100ms; -o-transition-delay: 100ms;\"><img decoding=\"async\" itemprop=\"image\" style=\"\" src=\"https:\/\/lapomera.com\/wp-content\/uploads\/2018\/06\/icones-home-parking.png\" alt=\"\"><\/div><div class=\"icon_text_holder\" style=\"\"><div class=\"icon_text_inner\" style=\"\"><h3 class=\"icon_title\" style=\"color: #000000;font-weight: 600;\">PARKING<\/h3><p style=''>Si necesita aparcar su moto disponemos de un garaje, solic\u00edtelo en recepci\u00f3n<\/p><\/div><\/div><\/div>[vc_separator type=\u00bbtransparent\u00bb up=\u00bb19&#8243; down=\u00bb24&#8243;][\/vc_column_inner][vc_column_inner width=\u00bb1\/3&#8243;]<div class='q_icon_with_title medium custom_icon_image '><div class=\"icon_holder q_icon_animation\" style=\" transition-delay: 100ms; -webkit-transition-delay: 100ms; -moz-transition-delay: 100ms; -o-transition-delay: 100ms;\"><img decoding=\"async\" itemprop=\"image\" style=\"\" src=\"https:\/\/lapomera.com\/wp-content\/uploads\/2018\/06\/icones-home-wifi.png\" alt=\"\"><\/div><div class=\"icon_text_holder\" style=\"\"><div class=\"icon_text_inner\" style=\"\"><h3 class=\"icon_title\" style=\"color: #000000;font-weight: 600;\">WIFI<\/h3><p style=''>El Wifi gratuito est\u00e1 disponible en toda la casa y parte del exterior.<\/p><\/div><\/div><\/div>[vc_separator type=\u00bbtransparent\u00bb up=\u00bb19&#8243; down=\u00bb26&#8243;][\/vc_column_inner][\/vc_row_inner][\/vc_column][\/vc_row]<\/p>\n<\/div>","protected":false},"excerpt":{"rendered":"<p>[vc_row css_animation=\u00bb\u00bb row_type=\u00bbrow\u00bb use_row_as_full_screen_section=\u00bbno\u00bb type=\u00bbgrid\u00bb angled_section=\u00bbno\u00bb text_align=\u00bbleft\u00bb background_image_as_pattern=\u00bbwithout_pattern\u00bb padding_top=\u00bb50&#8243; padding_bottom=\u00bb50&#8243; z_index=\u00bb\u00bb][vc_column][vc_column_text] TARIFAS [\/vc_column_text][vc_separator type=\u00bbtransparent\u00bb up=\u00bb10&#8243; down=\u00bb10&#8243;][vc_column_text] APARTAMENTOS Temporada Baja &nbsp; Temporada Alta &nbsp; Apartamento\u00a0Gala\u00a04 personas (2 habitaciones) \/ 6 personas (sof\u00e1-cama) 125 \u20ac 150 \u20ac Apartamento\u00a0Gaia\u00a04 personas (2 habitaciones) \/ 6 personas (sof\u00e1-cama) 125 \u20ac&#8230;<\/p>\n","protected":false},"author":1,"featured_media":0,"parent":0,"menu_order":0,"comment_status":"open","ping_status":"open","template":"full_width.php","meta":{"footnotes":""},"class_list":["post-18351","page","type-page","status-publish","hentry"],"_links":{"self":[{"href":"https:\/\/lapomera.com\/es\/wp-json\/wp\/v2\/pages\/18351"}],"collection":[{"href":"https:\/\/lapomera.com\/es\/wp-json\/wp\/v2\/pages"}],"about":[{"href":"https:\/\/lapomera.com\/es\/wp-json\/wp\/v2\/types\/page"}],"author":[{"embeddable":true,"href":"https:\/\/lapomera.com\/es\/wp-json\/wp\/v2\/users\/1"}],"replies":[{"embeddable":true,"href":"https:\/\/lapomera.com\/es\/wp-json\/wp\/v2\/comments?post=18351"}],"version-history":[{"count":14,"href":"https:\/\/lapomera.com\/es\/wp-json\/wp\/v2\/pages\/18351\/revisions"}],"predecessor-version":[{"id":18702,"href":"https:\/\/lapomera.com\/es\/wp-json\/wp\/v2\/pages\/18351\/revisions\/18702"}],"wp:attachment":[{"href":"https:\/\/lapomera.com\/es\/wp-json\/wp\/v2\/media?parent=18351"}],"curies":[{"name":"wp","href":"https:\/\/api.w.org\/{rel}","templated":true}]}}