{"id":17474,"date":"2018-05-30T16:37:34","date_gmt":"2018-05-30T14:37:34","guid":{"rendered":"http:\/\/lapomera.com\/politica-de-privadesa\/"},"modified":"2018-11-28T20:22:50","modified_gmt":"2018-11-28T18:22:50","slug":"politica-de-privadesa","status":"publish","type":"page","link":"https:\/\/lapomera.com\/es\/politica-de-privadesa\/","title":{"rendered":"Pol\u00edtica de privacidad"},"content":{"rendered":"<div class=\"wpb-content-wrapper\"><p>[vc_row css_animation=\u00bb\u00bb row_type=\u00bbrow\u00bb use_row_as_full_screen_section=\u00bbno\u00bb type=\u00bbfull_width\u00bb angled_section=\u00bbno\u00bb text_align=\u00bbleft\u00bb background_image_as_pattern=\u00bbwithout_pattern\u00bb][vc_column][vc_column_text]<\/p>\n<h2>Quienes somos<\/h2>\n<p>Nuestro sitio web es: http:\/\/lapomera.com.<\/p>\n<h2>Qu\u00e9 datos personales recogemos y por qu\u00e9<\/h2>\n<h3>Comentarios<\/h3>\n<p>Cuando los visitantes dejan comentarios en la web, recogemos los datos que se muestran en el formulario de contacto, as\u00ed como tambi\u00e9n la direcci\u00f3n IP del visitante y la cadena del agente de usuario del navegador para ayudar a la detecci\u00f3n de mensajes basura .<\/p>\n<p>Una cadena anonimizada creada a partir del correo electr\u00f3nico (tambi\u00e9n nombrado un hash) puede proporcionarse el servicio Gravatar para ver si la ha usado. La pol\u00edtica de privacidad del servicio Gravatar est\u00e1 disponible aqu\u00ed: https:\/\/automattic.com\/privacy\/. Una vez aprobado el comentario, la imagen de su perfil es visible al p\u00fablico en el contexto del comentario.<\/p>\n<p>Una cadena anonimitzada creada a partir del correu electr\u00f2nic (tamb\u00e9 nomenat un hash) pot proporcionar-se al servei Gravatar per veure si l&#8217;esteu usant. La pol\u00edtica de privadesa del servei Gravatar est\u00e0 disponible aqu\u00ed: https:\/\/automattic.com\/privacy\/. Una vegada aprovat el comentari, la imatge del vostre perfil \u00e9s visible al p\u00fablic al context del comentari.<\/p>\n<h3>Media<\/h3>\n<p>Si sube im\u00e1genes en el sitio web, debe evitar subir im\u00e1genes que incluyan datos de geolocalizaci\u00f3n (EXIF GPS) incrustadas. Los visitantes del sitio web pueden descargar y extraer cualquier informaci\u00f3n de las im\u00e1genes de la web.<\/p>\n<h3>Formularios de contacto<\/h3>\n<h3>Cooquies<\/h3>\n<p>Si deja un comentario en la p\u00e1gina web, puede optar por guardar el nombre, la direcci\u00f3n de correo electr\u00f3nico y la p\u00e1gina web en las galletas. Esto es para su comodidad para que no tenga que rellenar los datos de nuevo al hacer otro comentario. Estas galletas durar\u00e1n un a\u00f1o.<\/p>\n<p>Si tiene una cuenta y acceda en esta p\u00e1gina web, se definir\u00e1 una cookie temporal para determinar si el navegador acepta cookies. Esta cookie no contiene datos personales y se descartar\u00e1 al cerrar el navegador.<\/p>\n<p>Cuando inicie sesi\u00f3n, tambi\u00e9n configuradas varias galletas para guardar la informaci\u00f3n de inicio de sesi\u00f3n y las opciones de visualizaci\u00f3n de la pantalla. Las galeras de inicio de sesi\u00f3n duran dos d\u00edas, y las galletas de las opciones de pantalla duran un a\u00f1o. Si selecciona \u00abRecordarme\u00bb, el inicio de sesi\u00f3n persistir\u00e1 durante dos semanas. Si finaliza la sesi\u00f3n, las cookies de inicio de sesi\u00f3n ser\u00e1n suprimidas.<\/p>\n<p>Si edita o publique un art\u00edculo, una galleta adicional se guardar\u00e1 en el navegador. Esta cookie no incluye datos personales y simplemente indica el identificador de la entrada que acaba de editar. Expira despu\u00e9s de 1 d\u00eda.<\/p>\n<h3>Contenido incrustado de otros sitios web<\/h3>\n<p>Los art\u00edculos en esta p\u00e1gina web incluye contenido integrado (por ejemplo, v\u00eddeos, im\u00e1genes, art\u00edculos, etc.). El contenido incrustado desde otras p\u00e1ginas web se comporta exactamente de la misma manera como si el visitante estuviera visitando la otra p\u00e1gina web.<\/p>\n<p>Estas p\u00e1ginas web pueden recoger datos sobre vos, usar cookies, incrustar seguimiento adicional de terceras partes, y monitorizar la interacci\u00f3n con el contenido integrado, incluyendo la traza de la interacci\u00f3n con el contenido incrustado si tiene una cuenta y ha iniciado sesi\u00f3n en esta p\u00e1gina web.<\/p>\n<h3>Anal\u00edticas<\/h3>\n<h2>Con qui\u00e9n compartimos sus datos<\/h2>\n<h2>Cu\u00e1nto tiempo retenemos los datos<\/h2>\n<p>Si deja un comentario, el comentario y sus datos meta se retienen indefinidamente. Esto es para poder reconocer y aprobar autom\u00e1ticamente cualquier comentario de seguimiento en lugar de mantenerlos en la cola de moderaci\u00f3n.<\/p>\n<p>Para los usuarios que se registran en la web (si hay), tambi\u00e9n almacenamos la informaci\u00f3n personal que proporcionan a su perfil de usuario. Todos los usuarios pueden ver, editar o eliminar su informaci\u00f3n personal en cualquier momento (excepto que no pueden cambiar su nombre de usuario). Los administradores de la p\u00e1gina web pueden tambi\u00e9n editar esta informaci\u00f3n.<\/p>\n<p>.<\/p>\n<h2>Qu\u00e9 derechos tiene sobre sus datos<\/h2>\n<p>Si tiene una cuenta en este sitio web o ha dejado comentarios, puede solicitar que le env\u00eden un fichero de exportaci\u00f3n de sus datos personales, incluyendo todos los datos que nos haya proporcionado. Tambi\u00e9n puede pedir que borremos cualquier dato personal vuestra que tengamos. Esto no incluye los datos que estemos obligados a conservar con prop\u00f3sitos administrativos, legales o de seguridad.<\/p>\n<h2>Donde enviamos sus datos<\/h2>\n<p>Los comentarios de los visitantes deben ser comprobados mediante un servicio de detecci\u00f3n de basura automatizado.<\/p>\n<h2>Informaci\u00f3n de contacto<\/h2>\n<h3><\/h3>\n<p>[\/vc_column_text][vc_separator type=\u00bbtransparent\u00bb up=\u00bb20&#8243; down=\u00bb20&#8243;][\/vc_column][\/vc_row]<\/p>\n<\/div>","protected":false},"excerpt":{"rendered":"<p>[vc_row css_animation=\u00bb\u00bb row_type=\u00bbrow\u00bb use_row_as_full_screen_section=\u00bbno\u00bb type=\u00bbfull_width\u00bb angled_section=\u00bbno\u00bb text_align=\u00bbleft\u00bb background_image_as_pattern=\u00bbwithout_pattern\u00bb][vc_column][vc_column_text] Quienes somos Nuestro sitio web es: http:\/\/lapomera.com. Qu\u00e9 datos personales recogemos y por qu\u00e9 Comentarios Cuando los visitantes dejan comentarios en la web, recogemos los datos que se muestran en el formulario de contacto, as\u00ed como tambi\u00e9n&#8230;<\/p>\n","protected":false},"author":1,"featured_media":0,"parent":0,"menu_order":0,"comment_status":"closed","ping_status":"open","template":"","meta":{"footnotes":""},"class_list":["post-17474","page","type-page","status-publish","hentry"],"_links":{"self":[{"href":"https:\/\/lapomera.com\/es\/wp-json\/wp\/v2\/pages\/17474"}],"collection":[{"href":"https:\/\/lapomera.com\/es\/wp-json\/wp\/v2\/pages"}],"about":[{"href":"https:\/\/lapomera.com\/es\/wp-json\/wp\/v2\/types\/page"}],"author":[{"embeddable":true,"href":"https:\/\/lapomera.com\/es\/wp-json\/wp\/v2\/users\/1"}],"replies":[{"embeddable":true,"href":"https:\/\/lapomera.com\/es\/wp-json\/wp\/v2\/comments?post=17474"}],"version-history":[{"count":3,"href":"https:\/\/lapomera.com\/es\/wp-json\/wp\/v2\/pages\/17474\/revisions"}],"predecessor-version":[{"id":18052,"href":"https:\/\/lapomera.com\/es\/wp-json\/wp\/v2\/pages\/17474\/revisions\/18052"}],"wp:attachment":[{"href":"https:\/\/lapomera.com\/es\/wp-json\/wp\/v2\/media?parent=17474"}],"curies":[{"name":"wp","href":"https:\/\/api.w.org\/{rel}","templated":true}]}}