{"id":17472,"date":"2018-09-07T09:58:41","date_gmt":"2018-09-07T07:58:41","guid":{"rendered":"http:\/\/lapomera.com\/la-casa\/zones-comunes\/"},"modified":"2018-11-29T19:31:59","modified_gmt":"2018-11-29T17:31:59","slug":"zonas-comunes","status":"publish","type":"page","link":"https:\/\/lapomera.com\/es\/la-casa\/zonas-comunes\/","title":{"rendered":"Zonas comunes"},"content":{"rendered":"<div class=\"wpb-content-wrapper\"><p>[vc_row css_animation=\u00bb\u00bb row_type=\u00bbrow\u00bb use_row_as_full_screen_section=\u00bbno\u00bb type=\u00bbgrid\u00bb angled_section=\u00bbno\u00bb text_align=\u00bbleft\u00bb background_image_as_pattern=\u00bbwithout_pattern\u00bb padding_top=\u00bb50&#8243; padding_bottom=\u00bb50&#8243; z_index=\u00bb\u00bb][vc_column width=\u00bb2\/3&#8243;][vc_column_text]<\/p>\n<h2>ZONES COMUNES<\/h2>\n<p>[\/vc_column_text][vc_separator type=\u00bbtransparent\u00bb up=\u00bb10&#8243; down=\u00bb10&#8243;][vc_column_text]<\/p>\n<h4><span style=\"color: #873634;\">Una sala realmente confortable.<\/span><\/h4>\n<p>[\/vc_column_text][vc_separator type=\u00bbtransparent\u00bb up=\u00bb10&#8243; down=\u00bb10&#8243;][vc_column_text]La sala de planta baja cuenta con un sistema de Home Cinema y una pantalla de 120 pulgadas. Tambi\u00e9n a\u00f1adimos a la sala un plus de calidez con un hogar de le\u00f1a mejorando mucho m\u00e1s a\u00fan el confort. Leer un rato, mirar alguna pel\u00edcula, ver el partido del s\u00e1bado, como no! Si olvidan el libro nosotros los dejaremos uno![\/vc_column_text][\/vc_column][vc_column width=\u00bb1\/3&#8243;][vc_gallery interval=\u00bb3&#8243; images=\u00bb17896,17892,17888,17884,17878,17874,17870,17866,17862,17858,17854,17850,17846&#8243;][\/vc_column][\/vc_row]<\/p>\n<\/div>","protected":false},"excerpt":{"rendered":"<p>[vc_row css_animation=\u00bb\u00bb row_type=\u00bbrow\u00bb use_row_as_full_screen_section=\u00bbno\u00bb type=\u00bbgrid\u00bb angled_section=\u00bbno\u00bb text_align=\u00bbleft\u00bb background_image_as_pattern=\u00bbwithout_pattern\u00bb padding_top=\u00bb50&#8243; padding_bottom=\u00bb50&#8243; z_index=\u00bb\u00bb][vc_column width=\u00bb2\/3&#8243;][vc_column_text] ZONES COMUNES [\/vc_column_text][vc_separator type=\u00bbtransparent\u00bb up=\u00bb10&#8243; down=\u00bb10&#8243;][vc_column_text] Una sala realmente confortable. [\/vc_column_text][vc_separator type=\u00bbtransparent\u00bb up=\u00bb10&#8243; down=\u00bb10&#8243;][vc_column_text]La sala de planta baja cuenta con un sistema de Home Cinema y una pantalla de 120 pulgadas. Tambi\u00e9n a\u00f1adimos&#8230;<\/p>\n","protected":false},"author":1,"featured_media":0,"parent":17466,"menu_order":0,"comment_status":"open","ping_status":"open","template":"full_width.php","meta":{"footnotes":""},"class_list":["post-17472","page","type-page","status-publish","hentry"],"_links":{"self":[{"href":"https:\/\/lapomera.com\/es\/wp-json\/wp\/v2\/pages\/17472"}],"collection":[{"href":"https:\/\/lapomera.com\/es\/wp-json\/wp\/v2\/pages"}],"about":[{"href":"https:\/\/lapomera.com\/es\/wp-json\/wp\/v2\/types\/page"}],"author":[{"embeddable":true,"href":"https:\/\/lapomera.com\/es\/wp-json\/wp\/v2\/users\/1"}],"replies":[{"embeddable":true,"href":"https:\/\/lapomera.com\/es\/wp-json\/wp\/v2\/comments?post=17472"}],"version-history":[{"count":4,"href":"https:\/\/lapomera.com\/es\/wp-json\/wp\/v2\/pages\/17472\/revisions"}],"predecessor-version":[{"id":18121,"href":"https:\/\/lapomera.com\/es\/wp-json\/wp\/v2\/pages\/17472\/revisions\/18121"}],"up":[{"embeddable":true,"href":"https:\/\/lapomera.com\/es\/wp-json\/wp\/v2\/pages\/17466"}],"wp:attachment":[{"href":"https:\/\/lapomera.com\/es\/wp-json\/wp\/v2\/media?parent=17472"}],"curies":[{"name":"wp","href":"https:\/\/api.w.org\/{rel}","templated":true}]}}