{"id":17468,"date":"2018-09-07T09:57:20","date_gmt":"2018-09-07T07:57:20","guid":{"rendered":"http:\/\/lapomera.com\/la-casa\/apartaments\/"},"modified":"2019-10-13T19:27:25","modified_gmt":"2019-10-13T17:27:25","slug":"apartamentos","status":"publish","type":"page","link":"https:\/\/lapomera.com\/es\/la-casa\/apartamentos\/","title":{"rendered":"Apartamentos"},"content":{"rendered":"<div class=\"wpb-content-wrapper\"><p>[vc_row css_animation=\u00bb\u00bb row_type=\u00bbrow\u00bb use_row_as_full_screen_section=\u00bbno\u00bb type=\u00bbgrid\u00bb angled_section=\u00bbno\u00bb text_align=\u00bbleft\u00bb background_image_as_pattern=\u00bbwithout_pattern\u00bb padding_top=\u00bb50&#8243; padding_bottom=\u00bb20&#8243; z_index=\u00bb\u00bb][vc_column width=\u00bb2\/3&#8243;][vc_column_text]<\/p>\n<h2>Apartamento Gala<\/h2>\n<p>[\/vc_column_text][vc_separator type=\u00bbtransparent\u00bb up=\u00bb10&#8243; down=\u00bb10&#8243;][vc_column_text]<\/p>\n<h4>Un espacio luminoso y con vistas<\/h4>\n<p>[\/vc_column_text][vc_separator type=\u00bbtransparent\u00bb up=\u00bb10&#8243; down=\u00bb10&#8243;][vc_column_text]Las manzanas de la variedad Gala son de hermosas proporciones, de una tonalidad verde que se traduce en un delicado toque rojo. Se consigui\u00f3 esta variedad mediante un cruce entre la Golden Delicious y la Kidd s Orange Red neozelandesa. Y fij\u00e1ndonos en la delicadeza y la elegancia de esta manzana hemos dise\u00f1ado este apartamento.<\/p>\n<p>Situados en planta segunda, el apartamento Gala es acogedor, es c\u00e1lido y en invierno el sol lo ba\u00f1a toda la tarde d\u00e1ndole un calor natural y una luminosidad muy agradable.<br \/>\nCuenta con dos habitaciones dobles, un ba\u00f1o completo y una cocina equipada. La chimenea de <em>pellets<\/em> es un buen aliado las tardes de invierno junto con la cafetera. Las vistas hacia las fincas del lado desde la terraza y el olor de hierba fresca reci\u00e9n cortada son detalles que en primavera y verano podremos captar s\u00f3lo abriendo las ventanas.[\/vc_column_text][vc_separator type=\u00bbtransparent\u00bb up=\u00bb5&#8243; down=\u00bb5&#8243;][vc_column_text]<\/p>\n<ul>\n<li>Capacidad para 4 personas.<\/li>\n<li>Vistas al exterior.<\/li>\n<li>Chimenea de pellets.<\/li>\n<li>Cocina equipada.<\/li>\n<li>Zona compartida en planta baja con chimenea de le\u00f1a, proyector y pantalla de 120 &#8216;con Home Cinema.<\/li>\n<li>Ba\u00f1o equipado<\/li>\n<li>Free Wifi<\/li>\n<\/ul>\n<p>Podemos dimensionar las dos habitaciones como mejor les convenga, podremos hacer que sean una doble y una con dos camas individuales o bien dos dobles. No lo piense m\u00e1s, reserve ahora mismo y venga a Vilaller a disfrutar de unos d\u00edas de descanso y de contacto con la naturaleza !![\/vc_column_text][vc_separator type=\u00bbtransparent\u00bb up=\u00bb10&#8243; down=\u00bb10&#8243;]<a  itemprop=\"url\" href=\"https:\/\/www.reservaonline.support\/lapomera\/reservas.html\" target=\"_self\"  class=\"qbutton  large default\" style=\"\">RESERVAR<\/a>[\/vc_column][vc_column width=\u00bb1\/3&#8243;][vc_gallery interval=\u00bb3&#8243; images=\u00bb17704,17700,17696,17692,17688,17708,17712,17716,17720,17724,17728&#8243;][\/vc_column][\/vc_row][vc_row css_animation=\u00bb\u00bb row_type=\u00bbrow\u00bb use_row_as_full_screen_section=\u00bbno\u00bb type=\u00bbgrid\u00bb angled_section=\u00bbno\u00bb text_align=\u00bbleft\u00bb background_image_as_pattern=\u00bbwithout_pattern\u00bb z_index=\u00bb\u00bb][vc_column][vc_separator type=\u00bbnormal\u00bb color=\u00bb#c4c4c4&#8243; up=\u00bb20&#8243; down=\u00bb20&#8243;][\/vc_column][\/vc_row][vc_row css_animation=\u00bb\u00bb row_type=\u00bbrow\u00bb use_row_as_full_screen_section=\u00bbno\u00bb type=\u00bbgrid\u00bb angled_section=\u00bbno\u00bb text_align=\u00bbleft\u00bb background_image_as_pattern=\u00bbwithout_pattern\u00bb padding_top=\u00bb50&#8243; padding_bottom=\u00bb20&#8243; z_index=\u00bb\u00bb][vc_column width=\u00bb2\/3&#8243;][vc_column_text]<\/p>\n<h2>Apartamento Gaia<\/h2>\n<p>[\/vc_column_text][vc_separator type=\u00bbtransparent\u00bb up=\u00bb10&#8243; down=\u00bb10&#8243;][vc_column_text]<\/p>\n<h4><span style=\"color: #873634;\">Un espacio con calidez muy confortable\u00a0<\/span><\/h4>\n<p>[\/vc_column_text][vc_separator type=\u00bbtransparent\u00bb up=\u00bb10&#8243; down=\u00bb10&#8243;][vc_column_text]La variedad Gaia es una de las m\u00e1s antiguas. Son unas manzanas verdes que transforman a un amarillo cuando maduran. Tienen un punto \u00e1cido y el \u00e1rbol se llena tanto que algunos a\u00f1os nos ha roto ramas de tanto peso acumulado. La Gaia es una manzana tard\u00eda, solemos recoger las manzanas en Noviembre coincidiendo con Todos los Santos. Se trata de una variedad aut\u00f3ctona de la Ribagorza.<\/p>\n<p>No nos movemos de planta segunda, el apartamento Gaia es espacioso, muy confortable y cuenta con todas la comodidades. El balc\u00f3n mira hacia el <a href=\"https:\/\/ca.wikipedia.org\/wiki\/Pont_vell_de_Vilaller\">Pont de Vilaller<\/a>, una construcci\u00f3n datada del siglo XVII que tenemos justo delante de la casa, a tiro de piedra.<\/p>\n<p><!--more--><\/p>\n<p>Cuenta tambi\u00e9n con dos habitaciones dobles, un ba\u00f1o completo y una cocina equipada. La chimenea de pellets le da una calidez natural muy agradable. Las vistas hacia el pueblo y hacia las fincas de cultivo que rodean la casa har\u00e1n que la estancia sea agradable y apacible.[\/vc_column_text][vc_separator type=\u00bbtransparent\u00bb up=\u00bb5&#8243; down=\u00bb5&#8243;][vc_column_text]<\/p>\n<ul>\n<li>Capacidad para 4 personas.<\/li>\n<li>Vistas al exterior.<\/li>\n<li>Chimenea de pellets.<\/li>\n<li>Cocina equipada.<\/li>\n<li>Zona compartida en planta baja con chimenea de le\u00f1a, proyector y pantalla de 120 &#8216;con Home Cinema.<\/li>\n<li>Ba\u00f1o equipado<\/li>\n<li>Free Wifi<\/li>\n<\/ul>\n<p>Podemos dimensionar las dos habitaciones como mejor les convenga, podremos hacer que sean una doble y una con dos camas individuales o bien dos dobles. No lo piense m\u00e1s, reserve ahora mismo y venga a Vilaller a disfrutar de unos d\u00edas de descanso y de contacto con la naturaleza !![\/vc_column_text][vc_separator type=\u00bbtransparent\u00bb up=\u00bb10&#8243; down=\u00bb10&#8243;]<a  itemprop=\"url\" href=\"https:\/\/www.reservaonline.support\/lapomera\/reservas.html\" target=\"_self\"  class=\"qbutton  large default\" style=\"\">RESERVAR<\/a>[\/vc_column][vc_column width=\u00bb1\/3&#8243;][vc_gallery interval=\u00bb3&#8243; images=\u00bb17650,17654,17658,17662,17666,17670,17674,17678,17642,17638&#8243;][\/vc_column][\/vc_row][vc_row css_animation=\u00bb\u00bb row_type=\u00bbrow\u00bb use_row_as_full_screen_section=\u00bbno\u00bb type=\u00bbgrid\u00bb angled_section=\u00bbno\u00bb text_align=\u00bbleft\u00bb background_image_as_pattern=\u00bbwithout_pattern\u00bb z_index=\u00bb\u00bb][vc_column][vc_separator type=\u00bbnormal\u00bb color=\u00bb#c4c4c4&#8243; up=\u00bb20&#8243; down=\u00bb20&#8243;][\/vc_column][\/vc_row][vc_row css_animation=\u00bb\u00bb row_type=\u00bbrow\u00bb use_row_as_full_screen_section=\u00bbno\u00bb type=\u00bbgrid\u00bb angled_section=\u00bbno\u00bb text_align=\u00bbleft\u00bb background_image_as_pattern=\u00bbwithout_pattern\u00bb padding_top=\u00bb50&#8243; padding_bottom=\u00bb20&#8243; z_index=\u00bb\u00bb][vc_column width=\u00bb2\/3&#8243;][vc_column_text]<\/p>\n<h2>Apartamento Roieta<\/h2>\n<p>[\/vc_column_text][vc_separator type=\u00bbtransparent\u00bb up=\u00bb10&#8243; down=\u00bb10&#8243;][vc_column_text]<\/p>\n<h4><span style=\"color: #873634;\">El nostre apartament amb jard\u00ed propi<\/span><\/h4>\n<p>[\/vc_column_text][vc_separator type=\u00bbtransparent\u00bb up=\u00bb10&#8243; down=\u00bb10&#8243;][vc_column_text]La manzana Roieta es gen\u00e9ticamente es similar a la Roman Beauty, una variedad que se cultiv\u00f3 en Lleida a partir de 1940 proveniente de USA. Es una manzana que la recogemos a mediados de octubre, roja, de buen calibre y con un sabor algo \u00e1cido. Podr\u00edamos decir, sin enrojecer, que se trata de la \u00abreina de las manzanas\u00bb. Sea como sea hemos trabajado para que este apartamento, sea una reina o una rana, tenga todos los detalles que har\u00e1n agradable su estancia.<\/p>\n<p>Cuenta tambi\u00e9n con dos habitaciones dobles, un ba\u00f1o completo y una cocina equipada. La chimenea de pellets le da una calidez natural muy agradable. Las vistas hacia el pueblo y hacia las fincas de cultivo que rodean la casa har\u00e1n que la estancia sea agradable y apacible.<\/p>\n<ul>\n<li>Capacidad para 4 personas.<\/li>\n<li>Vistas al exterior.<\/li>\n<li>Chimenea de pellets.<\/li>\n<li>Cocina equipada.<\/li>\n<li>Zona compartida en planta baja con chimenea de le\u00f1a, proyector y pantalla de 120 &#8216;con Home Cinema.<\/li>\n<li>Ba\u00f1o equipado<\/li>\n<li>Free Wifi<\/li>\n<\/ul>\n<p>Podemos dimensionar las dos habitaciones como mejor les convenga, podremos hacer que sean una doble y una con dos camas individuales o bien dos dobles. No lo piense m\u00e1s, reserve ahora mismo y venga a Vilaller a disfrutar de unos d\u00edas de descanso y de contacto con la naturaleza !![\/vc_column_text][vc_separator type=\u00bbtransparent\u00bb up=\u00bb10&#8243; down=\u00bb10&#8243;]<a  itemprop=\"url\" href=\"https:\/\/www.reservaonline.support\/lapomera\/reservas.html\" target=\"_self\"  class=\"qbutton  large default\" style=\"\">RESERVAR<\/a>[\/vc_column][vc_column width=\u00bb1\/3&#8243;][vc_gallery interval=\u00bb3&#8243; images=\u00bb17785,17781,17753,17749,17745,17789,18619,18623,18627,18631,18635,18639&#8243;][\/vc_column][\/vc_row]<\/p>\n<\/div>","protected":false},"excerpt":{"rendered":"<p>[vc_row css_animation=\u00bb\u00bb row_type=\u00bbrow\u00bb use_row_as_full_screen_section=\u00bbno\u00bb type=\u00bbgrid\u00bb angled_section=\u00bbno\u00bb text_align=\u00bbleft\u00bb background_image_as_pattern=\u00bbwithout_pattern\u00bb padding_top=\u00bb50&#8243; padding_bottom=\u00bb20&#8243; z_index=\u00bb\u00bb][vc_column width=\u00bb2\/3&#8243;][vc_column_text] Apartamento Gala [\/vc_column_text][vc_separator type=\u00bbtransparent\u00bb up=\u00bb10&#8243; down=\u00bb10&#8243;][vc_column_text] Un espacio luminoso y con vistas [\/vc_column_text][vc_separator type=\u00bbtransparent\u00bb up=\u00bb10&#8243; down=\u00bb10&#8243;][vc_column_text]Las manzanas de la variedad Gala son de hermosas proporciones, de una tonalidad verde que se traduce en&#8230;<\/p>\n","protected":false},"author":1,"featured_media":0,"parent":17466,"menu_order":0,"comment_status":"open","ping_status":"open","template":"full_width.php","meta":{"footnotes":""},"class_list":["post-17468","page","type-page","status-publish","hentry"],"_links":{"self":[{"href":"https:\/\/lapomera.com\/es\/wp-json\/wp\/v2\/pages\/17468"}],"collection":[{"href":"https:\/\/lapomera.com\/es\/wp-json\/wp\/v2\/pages"}],"about":[{"href":"https:\/\/lapomera.com\/es\/wp-json\/wp\/v2\/types\/page"}],"author":[{"embeddable":true,"href":"https:\/\/lapomera.com\/es\/wp-json\/wp\/v2\/users\/1"}],"replies":[{"embeddable":true,"href":"https:\/\/lapomera.com\/es\/wp-json\/wp\/v2\/comments?post=17468"}],"version-history":[{"count":15,"href":"https:\/\/lapomera.com\/es\/wp-json\/wp\/v2\/pages\/17468\/revisions"}],"predecessor-version":[{"id":18016,"href":"https:\/\/lapomera.com\/es\/wp-json\/wp\/v2\/pages\/17468\/revisions\/18016"}],"up":[{"embeddable":true,"href":"https:\/\/lapomera.com\/es\/wp-json\/wp\/v2\/pages\/17466"}],"wp:attachment":[{"href":"https:\/\/lapomera.com\/es\/wp-json\/wp\/v2\/media?parent=17468"}],"curies":[{"name":"wp","href":"https:\/\/api.w.org\/{rel}","templated":true}]}}