{"id":17447,"date":"2018-10-23T15:13:37","date_gmt":"2018-10-23T13:13:37","guid":{"rendered":"http:\/\/lapomera.com\/politica-de-reserves\/"},"modified":"2023-01-16T14:55:50","modified_gmt":"2023-01-16T12:55:50","slug":"politica-de-reservas","status":"publish","type":"page","link":"https:\/\/lapomera.com\/es\/politica-de-reservas\/","title":{"rendered":"Pol\u00edtica de reservas"},"content":{"rendered":"<div class=\"wpb-content-wrapper\"><p>[vc_row css_animation=\u00bb\u00bb row_type=\u00bbrow\u00bb use_row_as_full_screen_section=\u00bbno\u00bb type=\u00bbfull_width\u00bb angled_section=\u00bbno\u00bb text_align=\u00bbleft\u00bb background_image_as_pattern=\u00bbwithout_pattern\u00bb][vc_column][vc_column_text]<strong>Pol\u00edtica de reservas:<\/strong><\/p>\n<p><a href=\"http:\/\/www.lapomera.com\/\">La Pomera<\/a> se compromete a hacer efectiva la reserva y para poder ofrecer un servicio de calidad necesitaremos que \u00e9sta, ya sea hecha por tel\u00e9fono, correo electr\u00f3nico o mediante nuestro sitio web, contenga un dep\u00f3sito del 25% del total en las pr\u00f3ximas 72 horas especificando su nombre y d\u00eda de entrada al siguiente n\u00famero de cuenta:<\/p>\n<p>El c\u00f3digo IBAN es: ES21 2100 0159 7502 0021 7041<\/p>\n<p>En nuestro sitio <a href=\"http:\/\/www.lapomera.com\/\">web<\/a> tambi\u00e9n tienen la posibilidad de hacer un pago del 25% de la reserva mediante pago electr\u00f3nico por varias v\u00edas.<\/p>\n<p>Una vez recibido el dep\u00f3sito, en un plazo de 3 d\u00edas, le notificaremos la confirmaci\u00f3n definitiva de la reserva, donde se especificar\u00e1 la cantidad efectuada a cuenta, as\u00ed como el resto de datos de la reserva, fechas, precios, etc.<\/p>\n<p><strong>Pol\u00edtica de cancelaci\u00f3n:<\/strong><\/p>\n<p>En caso de anulaci\u00f3n de la reserva, de no presentarse el d\u00eda indicado o de marchar antes del d\u00eda previsto de salida, la casa mantendr\u00e1 como propio el dep\u00f3sito en concepto de da\u00f1os y perjuicios.<\/p>\n<p>Cuando se produzca una anulaci\u00f3n de la reserva se har\u00e1 la devoluci\u00f3n del dep\u00f3sito con las indemnizaciones que resulten de aplicar los siguientes porcentajes al importe del dep\u00f3sito exigido:<\/p>\n<p>5% si la anulaci\u00f3n se notifica con m\u00e1s de 30 d\u00edas de antelaci\u00f3n<\/p>\n<p>40% si la anulaci\u00f3n se notifica con 30 o menos d\u00edas y m\u00e1s de 15<\/p>\n<p>60% si la anulaci\u00f3n se notifica con 15 o menos d\u00edas y m\u00e1s de 7<\/p>\n<p>100% cuando se haga con 7 o menos d\u00edas de antelaci\u00f3n<\/p>\n<p><a href=\"http:\/\/empresa.gencat.cat\/ca\/treb_ambits_actuacio\/emo_turisme\/emo_empreses_establiments_turistics\/emo_impost_establiments_turistics\">La tasa tur\u00edstica<\/a> aprobada por la ley 5\/2012 no est\u00e1 incluida en las tarifas y se a\u00f1adir\u00e1 a la factura de forma detallada. Importe: 0,50 \u20ac \/ persona \/ d\u00eda con un m\u00e1x de 7 d\u00edas. Exenciones: 0-16 a\u00f1os de edad.<\/p>\n<p><strong>Horas de check-in y check-out<\/strong><\/p>\n<ul>\n<li class=\"policy-block__item-option\">Entrada de 16:00 a 23:30<\/li>\n<li class=\"policy-block__item-option\">Salida de 10:00 a 11:00<\/li>\n<\/ul>\n<p>[\/vc_column_text][vc_separator type=\u00bbtransparent\u00bb up=\u00bb20&#8243; down=\u00bb20&#8243;][\/vc_column][\/vc_row]<\/p>\n<\/div>","protected":false},"excerpt":{"rendered":"<p>[vc_row css_animation=\u00bb\u00bb row_type=\u00bbrow\u00bb use_row_as_full_screen_section=\u00bbno\u00bb type=\u00bbfull_width\u00bb angled_section=\u00bbno\u00bb text_align=\u00bbleft\u00bb background_image_as_pattern=\u00bbwithout_pattern\u00bb][vc_column][vc_column_text]Pol\u00edtica de reservas: La Pomera se compromete a hacer efectiva la reserva y para poder ofrecer un servicio de calidad necesitaremos que \u00e9sta, ya sea hecha por tel\u00e9fono, correo electr\u00f3nico o mediante nuestro sitio web, contenga un dep\u00f3sito&#8230;<\/p>\n","protected":false},"author":1,"featured_media":0,"parent":0,"menu_order":0,"comment_status":"closed","ping_status":"open","template":"","meta":{"footnotes":""},"class_list":["post-17447","page","type-page","status-publish","hentry"],"_links":{"self":[{"href":"https:\/\/lapomera.com\/es\/wp-json\/wp\/v2\/pages\/17447"}],"collection":[{"href":"https:\/\/lapomera.com\/es\/wp-json\/wp\/v2\/pages"}],"about":[{"href":"https:\/\/lapomera.com\/es\/wp-json\/wp\/v2\/types\/page"}],"author":[{"embeddable":true,"href":"https:\/\/lapomera.com\/es\/wp-json\/wp\/v2\/users\/1"}],"replies":[{"embeddable":true,"href":"https:\/\/lapomera.com\/es\/wp-json\/wp\/v2\/comments?post=17447"}],"version-history":[{"count":8,"href":"https:\/\/lapomera.com\/es\/wp-json\/wp\/v2\/pages\/17447\/revisions"}],"predecessor-version":[{"id":19092,"href":"https:\/\/lapomera.com\/es\/wp-json\/wp\/v2\/pages\/17447\/revisions\/19092"}],"wp:attachment":[{"href":"https:\/\/lapomera.com\/es\/wp-json\/wp\/v2\/media?parent=17447"}],"curies":[{"name":"wp","href":"https:\/\/api.w.org\/{rel}","templated":true}]}}